{"id":6644,"date":"2022-08-05T21:26:53","date_gmt":"2022-08-05T21:26:53","guid":{"rendered":"https:\/\/www.remingtonlatam.com\/ve\/producto\/sin%20categor\u00eda\/import-placeholder-for-ci9132\/"},"modified":"2022-08-05T21:28:52","modified_gmt":"2022-08-05T21:28:52","slug":"rizador-remington-con-clip-prothermaluxe","status":"publish","type":"product","link":"https:\/\/www.remingtonlatam.com\/ve\/producto\/mujer\/cuidado-del-cabello\/rizadores\/rizador-remington-con-clip-prothermaluxe\/","title":{"rendered":"Rizador Remington con clip ProThermaLuxe"},"content":{"rendered":"","protected":false},"excerpt":{"rendered":"<p>\u00a1Rizos perfectos por 24horas, para un estilo de vida 24\/7! Gracias al <b>rizador de cabello<\/b> ProThermaLuxe con OPTIheat ( Tecnolog\u00eda T\u00e9rmica Avanzada). El rizador consta de sensores avanzados \u00fanicos que mantienen el calor constante en el cabello lo cual te permite darle tu forma preferida dej\u00e1ndolo siempre saludable y sin frizz por 24 horas.<\/p>\n","protected":false},"featured_media":6678,"comment_status":"open","ping_status":"closed","template":"","meta":{"_acf_changed":false},"product_brand":[],"product_cat":[48,46,52],"product_tag":[],"class_list":{"0":"post-6644","1":"product","2":"type-product","3":"status-publish","4":"has-post-thumbnail","6":"collections-prothermaluxe","7":"characteristics-cabello-maltratado","8":"characteristics-cabello-sin-brillo","9":"characteristics-ondas-de-playa","10":"characteristics-rizos-definidos","11":"product_cat-cuidado-del-cabello","12":"product_cat-mujer","13":"product_cat-rizadores","15":"first","16":"instock","17":"shipping-taxable","18":"product-type-simple"},"acf":[],"_links":{"self":[{"href":"https:\/\/www.remingtonlatam.com\/ve\/wp-json\/wp\/v2\/product\/6644","targetHints":{"allow":["GET"]}}],"collection":[{"href":"https:\/\/www.remingtonlatam.com\/ve\/wp-json\/wp\/v2\/product"}],"about":[{"href":"https:\/\/www.remingtonlatam.com\/ve\/wp-json\/wp\/v2\/types\/product"}],"replies":[{"embeddable":true,"href":"https:\/\/www.remingtonlatam.com\/ve\/wp-json\/wp\/v2\/comments?post=6644"}],"wp:featuredmedia":[{"embeddable":true,"href":"https:\/\/www.remingtonlatam.com\/ve\/wp-json\/wp\/v2\/media\/6678"}],"wp:attachment":[{"href":"https:\/\/www.remingtonlatam.com\/ve\/wp-json\/wp\/v2\/media?parent=6644"}],"wp:term":[{"taxonomy":"product_brand","embeddable":true,"href":"https:\/\/www.remingtonlatam.com\/ve\/wp-json\/wp\/v2\/product_brand?post=6644"},{"taxonomy":"product_cat","embeddable":true,"href":"https:\/\/www.remingtonlatam.com\/ve\/wp-json\/wp\/v2\/product_cat?post=6644"},{"taxonomy":"product_tag","embeddable":true,"href":"https:\/\/www.remingtonlatam.com\/ve\/wp-json\/wp\/v2\/product_tag?post=6644"}],"curies":[{"name":"wp","href":"https:\/\/api.w.org\/{rel}","templated":true}]}}