{"id":3431,"date":"2019-12-12T16:07:47","date_gmt":"2019-12-12T16:07:47","guid":{"rendered":"http:\/\/remingtonla-stage.us-east-1.elasticbeanstalk.com\/ve\/producto\/plancha-alisadora-remington-ocean-silk\/"},"modified":"2020-05-21T03:13:52","modified_gmt":"2020-05-21T03:13:52","slug":"plancha-alisadora-remington-ocean-silk","status":"publish","type":"product","link":"https:\/\/www.remingtonlatam.com\/ve\/producto\/mujer\/cuidado-del-cabello\/planchas-alisadoras\/plancha-alisadora-remington-ocean-silk\/","title":{"rendered":"Plancha Alisadora Remington Ocean Silk"},"content":{"rendered":"","protected":false},"excerpt":{"rendered":"<p>El recubrimiento de la <b>plancha para cabello<\/b> con cer\u00e1mica avanzada de titanio y prote\u00ednas de seda, brinda m\u00e1s cer\u00e1mica que los alisadores tradicionales, un deslizamiento sin esfuerzo y un cabello suave y sedoso.<\/p>\n","protected":false},"featured_media":3435,"comment_status":"open","ping_status":"closed","template":"","meta":{"_acf_changed":false},"product_brand":[],"product_cat":[48,46,152],"product_tag":[],"class_list":{"0":"post-3431","1":"product","2":"type-product","3":"status-publish","4":"has-post-thumbnail","6":"characteristics-cabello-maltratado","7":"characteristics-cabello-sin-brillo","8":"characteristics-ceramica","9":"characteristics-liso-perfecto","10":"characteristics-seda","11":"characteristics-titanio","12":"product_cat-cuidado-del-cabello","13":"product_cat-mujer","14":"product_cat-planchas-alisadoras","16":"first","17":"instock","18":"featured","19":"shipping-taxable","20":"product-type-simple"},"acf":[],"_links":{"self":[{"href":"https:\/\/www.remingtonlatam.com\/ve\/wp-json\/wp\/v2\/product\/3431","targetHints":{"allow":["GET"]}}],"collection":[{"href":"https:\/\/www.remingtonlatam.com\/ve\/wp-json\/wp\/v2\/product"}],"about":[{"href":"https:\/\/www.remingtonlatam.com\/ve\/wp-json\/wp\/v2\/types\/product"}],"replies":[{"embeddable":true,"href":"https:\/\/www.remingtonlatam.com\/ve\/wp-json\/wp\/v2\/comments?post=3431"}],"wp:featuredmedia":[{"embeddable":true,"href":"https:\/\/www.remingtonlatam.com\/ve\/wp-json\/wp\/v2\/media\/3435"}],"wp:attachment":[{"href":"https:\/\/www.remingtonlatam.com\/ve\/wp-json\/wp\/v2\/media?parent=3431"}],"wp:term":[{"taxonomy":"product_brand","embeddable":true,"href":"https:\/\/www.remingtonlatam.com\/ve\/wp-json\/wp\/v2\/product_brand?post=3431"},{"taxonomy":"product_cat","embeddable":true,"href":"https:\/\/www.remingtonlatam.com\/ve\/wp-json\/wp\/v2\/product_cat?post=3431"},{"taxonomy":"product_tag","embeddable":true,"href":"https:\/\/www.remingtonlatam.com\/ve\/wp-json\/wp\/v2\/product_tag?post=3431"}],"curies":[{"name":"wp","href":"https:\/\/api.w.org\/{rel}","templated":true}]}}