{"id":3355,"date":"2019-12-12T16:06:21","date_gmt":"2019-12-12T16:06:21","guid":{"rendered":"http:\/\/remingtonla-stage.us-east-1.elasticbeanstalk.com\/ve\/producto\/plancha-alisadora-remington-smart-sensor-pro\/"},"modified":"2020-05-21T03:13:51","modified_gmt":"2020-05-21T03:13:51","slug":"plancha-alisadora-remington-smart-sensor-pro","status":"publish","type":"product","link":"https:\/\/www.remingtonlatam.com\/ve\/producto\/mujer\/cuidado-del-cabello\/planchas-alisadoras\/plancha-alisadora-remington-smart-sensor-pro\/","title":{"rendered":"Plancha Alisadora Remington Smart Sensor Pro"},"content":{"rendered":"","protected":false},"excerpt":{"rendered":"<p>\u00a1La tecnolog\u00eda que tu cabello necesita! Tu cabello se mantendr\u00e1 fuerte y saludable a medida que lo estilizas gracias a la <b>plancha de cabello<\/b> de Remington y su cer\u00e1mica avanzada con infusi\u00f3n de aceite de almendras. Adem\u00e1s, el sensor inteligente ayudar\u00e1 a mantener tu cabello sano y protegido del calor.  <\/p>\n","protected":false},"featured_media":3357,"comment_status":"open","ping_status":"closed","template":"","meta":{"_acf_changed":false},"product_brand":[],"product_cat":[48,46,152],"product_tag":[],"class_list":{"0":"post-3355","1":"product","2":"type-product","3":"status-publish","4":"has-post-thumbnail","6":"characteristics-cabello-maltratado","7":"characteristics-cabello-sin-brillo","8":"characteristics-ceramica","9":"characteristics-liso-perfecto","10":"product_cat-cuidado-del-cabello","11":"product_cat-mujer","12":"product_cat-planchas-alisadoras","14":"first","15":"instock","16":"featured","17":"shipping-taxable","18":"product-type-simple"},"acf":[],"_links":{"self":[{"href":"https:\/\/www.remingtonlatam.com\/ve\/wp-json\/wp\/v2\/product\/3355","targetHints":{"allow":["GET"]}}],"collection":[{"href":"https:\/\/www.remingtonlatam.com\/ve\/wp-json\/wp\/v2\/product"}],"about":[{"href":"https:\/\/www.remingtonlatam.com\/ve\/wp-json\/wp\/v2\/types\/product"}],"replies":[{"embeddable":true,"href":"https:\/\/www.remingtonlatam.com\/ve\/wp-json\/wp\/v2\/comments?post=3355"}],"wp:featuredmedia":[{"embeddable":true,"href":"https:\/\/www.remingtonlatam.com\/ve\/wp-json\/wp\/v2\/media\/3357"}],"wp:attachment":[{"href":"https:\/\/www.remingtonlatam.com\/ve\/wp-json\/wp\/v2\/media?parent=3355"}],"wp:term":[{"taxonomy":"product_brand","embeddable":true,"href":"https:\/\/www.remingtonlatam.com\/ve\/wp-json\/wp\/v2\/product_brand?post=3355"},{"taxonomy":"product_cat","embeddable":true,"href":"https:\/\/www.remingtonlatam.com\/ve\/wp-json\/wp\/v2\/product_cat?post=3355"},{"taxonomy":"product_tag","embeddable":true,"href":"https:\/\/www.remingtonlatam.com\/ve\/wp-json\/wp\/v2\/product_tag?post=3355"}],"curies":[{"name":"wp","href":"https:\/\/api.w.org\/{rel}","templated":true}]}}