{"id":3108,"date":"2019-12-12T16:01:39","date_gmt":"2019-12-12T16:01:39","guid":{"rendered":"http:\/\/remingtonla-stage.us-east-1.elasticbeanstalk.com\/ve\/producto\/plancha-alisadora-remington-pure-ceramic\/"},"modified":"2021-07-22T22:24:15","modified_gmt":"2021-07-22T22:24:15","slug":"plancha-alisadora-remington-pure-ceramic","status":"publish","type":"product","link":"https:\/\/www.remingtonlatam.com\/ve\/producto\/mujer\/cuidado-del-cabello\/planchas-alisadoras\/plancha-alisadora-remington-pure-ceramic\/","title":{"rendered":"Plancha Alisadora Remington Pure Ceramic"},"content":{"rendered":"","protected":false},"excerpt":{"rendered":"<p>La <b>plancha para cabello Pure Ceramic<\/b> de Remington cuenta con un recubrimiento de cer\u00e1mica y tecnolog\u00eda suavizante con la que puede neutralizar los iones positivos para reducir la est\u00e1tica y el frizz.<\/p>\n","protected":false},"featured_media":3110,"comment_status":"open","ping_status":"closed","template":"","meta":{"_acf_changed":false},"product_brand":[],"product_cat":[48,46,152],"product_tag":[],"class_list":{"0":"post-3108","1":"product","2":"type-product","3":"status-publish","4":"has-post-thumbnail","6":"characteristics-ceramica","7":"characteristics-liso-perfecto","8":"product_cat-cuidado-del-cabello","9":"product_cat-mujer","10":"product_cat-planchas-alisadoras","12":"first","13":"instock","14":"featured","15":"shipping-taxable","16":"product-type-simple"},"acf":[],"_links":{"self":[{"href":"https:\/\/www.remingtonlatam.com\/ve\/wp-json\/wp\/v2\/product\/3108","targetHints":{"allow":["GET"]}}],"collection":[{"href":"https:\/\/www.remingtonlatam.com\/ve\/wp-json\/wp\/v2\/product"}],"about":[{"href":"https:\/\/www.remingtonlatam.com\/ve\/wp-json\/wp\/v2\/types\/product"}],"replies":[{"embeddable":true,"href":"https:\/\/www.remingtonlatam.com\/ve\/wp-json\/wp\/v2\/comments?post=3108"}],"wp:featuredmedia":[{"embeddable":true,"href":"https:\/\/www.remingtonlatam.com\/ve\/wp-json\/wp\/v2\/media\/3110"}],"wp:attachment":[{"href":"https:\/\/www.remingtonlatam.com\/ve\/wp-json\/wp\/v2\/media?parent=3108"}],"wp:term":[{"taxonomy":"product_brand","embeddable":true,"href":"https:\/\/www.remingtonlatam.com\/ve\/wp-json\/wp\/v2\/product_brand?post=3108"},{"taxonomy":"product_cat","embeddable":true,"href":"https:\/\/www.remingtonlatam.com\/ve\/wp-json\/wp\/v2\/product_cat?post=3108"},{"taxonomy":"product_tag","embeddable":true,"href":"https:\/\/www.remingtonlatam.com\/ve\/wp-json\/wp\/v2\/product_tag?post=3108"}],"curies":[{"name":"wp","href":"https:\/\/api.w.org\/{rel}","templated":true}]}}