{"id":3084,"date":"2019-12-12T16:01:14","date_gmt":"2019-12-12T16:01:14","guid":{"rendered":"http:\/\/remingtonla-stage.us-east-1.elasticbeanstalk.com\/ve\/producto\/afeitadora-rotativa-remington-power-series-flex-plus\/"},"modified":"2021-08-30T17:41:12","modified_gmt":"2021-08-30T17:41:12","slug":"afeitadora-rotativa-remington-power-series-flex-plus","status":"publish","type":"product","link":"https:\/\/www.remingtonlatam.com\/ve\/producto\/hombre\/afeitadoras-hombre\/afeitadoras-rotativas\/afeitadora-rotativa-remington-power-series-flex-plus\/","title":{"rendered":"Afeitadora Rotativa Remington Power Series Flex Plus"},"content":{"rendered":"","protected":false},"excerpt":{"rendered":"<p>Logra un afeitado c\u00f3modo, al ras y suave con la <b>afeitadora<\/b> rotativa Remington Power Flex Series. Su dise\u00f1o permite que el cabezal se ajuste a los \u00e1ngulos de la cara para reducir la irritaci\u00f3n al afeitarse.<\/p>\n","protected":false},"featured_media":3088,"comment_status":"open","ping_status":"closed","template":"","meta":{"_acf_changed":false},"product_brand":[],"product_cat":[59,62,58],"product_tag":[],"class_list":{"0":"post-3084","1":"product","2":"type-product","3":"status-publish","4":"has-post-thumbnail","6":"characteristics-active-contour","7":"characteristics-power-flex-360","8":"characteristics-recargable","9":"characteristics-rostro","10":"product_cat-afeitadoras-hombre","11":"product_cat-afeitadoras-rotativas","12":"product_cat-hombre","14":"first","15":"outofstock","16":"shipping-taxable","17":"product-type-simple"},"acf":[],"_links":{"self":[{"href":"https:\/\/www.remingtonlatam.com\/ve\/wp-json\/wp\/v2\/product\/3084","targetHints":{"allow":["GET"]}}],"collection":[{"href":"https:\/\/www.remingtonlatam.com\/ve\/wp-json\/wp\/v2\/product"}],"about":[{"href":"https:\/\/www.remingtonlatam.com\/ve\/wp-json\/wp\/v2\/types\/product"}],"replies":[{"embeddable":true,"href":"https:\/\/www.remingtonlatam.com\/ve\/wp-json\/wp\/v2\/comments?post=3084"}],"wp:featuredmedia":[{"embeddable":true,"href":"https:\/\/www.remingtonlatam.com\/ve\/wp-json\/wp\/v2\/media\/3088"}],"wp:attachment":[{"href":"https:\/\/www.remingtonlatam.com\/ve\/wp-json\/wp\/v2\/media?parent=3084"}],"wp:term":[{"taxonomy":"product_brand","embeddable":true,"href":"https:\/\/www.remingtonlatam.com\/ve\/wp-json\/wp\/v2\/product_brand?post=3084"},{"taxonomy":"product_cat","embeddable":true,"href":"https:\/\/www.remingtonlatam.com\/ve\/wp-json\/wp\/v2\/product_cat?post=3084"},{"taxonomy":"product_tag","embeddable":true,"href":"https:\/\/www.remingtonlatam.com\/ve\/wp-json\/wp\/v2\/product_tag?post=3084"}],"curies":[{"name":"wp","href":"https:\/\/api.w.org\/{rel}","templated":true}]}}