{"id":7216,"date":"2025-10-02T13:11:38","date_gmt":"2025-10-02T13:11:38","guid":{"rendered":"https:\/\/www.remingtonlatam.com\/uy\/?post_type=product&#038;p=7216"},"modified":"2026-03-26T20:50:42","modified_gmt":"2026-03-26T20:50:42","slug":"rizador-de-barril-giratorio-remington-airvive","status":"publish","type":"product","link":"https:\/\/www.remingtonlatam.com\/uy\/producto\/mujer\/cuidado-del-cabello\/rizadores\/rizador-de-barril-giratorio-remington-airvive\/","title":{"rendered":"RIZADOR DE BARRIL GIRATORIO REMINGTON\u00ae AIRvive\u2122"},"content":{"rendered":"","protected":false},"excerpt":{"rendered":"<p>Nuestro rizador de barril giratorio AIRvive\u2122 cuenta con la suave Tecnolog\u00eda de Aire I\u00f3nico antiest\u00e1tica y microacondicionadores activados por calor con una NUEVA f\u00f3rmula anti-frizz para rizos con protecci\u00f3n contra el frizz durante todo el d\u00eda<sup>1<\/sup>.<\/p>\n<p>El barril giratorio dividido te ayuda a crear ondas sueltas o rizos f\u00e1cilmente, sin torsi\u00f3n de mu\u00f1eca, y las placas de cer\u00e1mica contienen 10 veces m\u00e1s cer\u00e1mica<sup>2<\/sup> para deslizarse por tu cabello sin esfuerzo.<\/p>\n<p>&nbsp;<\/p>\n","protected":false},"featured_media":7171,"comment_status":"open","ping_status":"closed","template":"","meta":{"_acf_changed":false},"product_brand":[],"product_cat":[48,46,52],"product_tag":[],"class_list":{"0":"post-7216","1":"product","2":"type-product","3":"status-publish","4":"has-post-thumbnail","6":"collections-airvive","7":"characteristics-aire-ionico","8":"characteristics-cabello-con-frizz","9":"characteristics-estilo-de-peinado","10":"characteristics-microacondicionares","11":"characteristics-mujer","12":"characteristics-ondas-de-playa","13":"characteristics-rizos","14":"characteristics-rizos-definidos","15":"characteristics-soluciones-para","16":"characteristics-tecnologia","17":"product_cat-cuidado-del-cabello","18":"product_cat-mujer","19":"product_cat-rizadores","21":"first","22":"instock","23":"featured","24":"shipping-taxable","25":"product-type-simple"},"acf":[],"_links":{"self":[{"href":"https:\/\/www.remingtonlatam.com\/uy\/wp-json\/wp\/v2\/product\/7216","targetHints":{"allow":["GET"]}}],"collection":[{"href":"https:\/\/www.remingtonlatam.com\/uy\/wp-json\/wp\/v2\/product"}],"about":[{"href":"https:\/\/www.remingtonlatam.com\/uy\/wp-json\/wp\/v2\/types\/product"}],"replies":[{"embeddable":true,"href":"https:\/\/www.remingtonlatam.com\/uy\/wp-json\/wp\/v2\/comments?post=7216"}],"wp:featuredmedia":[{"embeddable":true,"href":"https:\/\/www.remingtonlatam.com\/uy\/wp-json\/wp\/v2\/media\/7171"}],"wp:attachment":[{"href":"https:\/\/www.remingtonlatam.com\/uy\/wp-json\/wp\/v2\/media?parent=7216"}],"wp:term":[{"taxonomy":"product_brand","embeddable":true,"href":"https:\/\/www.remingtonlatam.com\/uy\/wp-json\/wp\/v2\/product_brand?post=7216"},{"taxonomy":"product_cat","embeddable":true,"href":"https:\/\/www.remingtonlatam.com\/uy\/wp-json\/wp\/v2\/product_cat?post=7216"},{"taxonomy":"product_tag","embeddable":true,"href":"https:\/\/www.remingtonlatam.com\/uy\/wp-json\/wp\/v2\/product_tag?post=7216"}],"curies":[{"name":"wp","href":"https:\/\/api.w.org\/{rel}","templated":true}]}}