{"id":7214,"date":"2025-10-01T22:04:47","date_gmt":"2025-10-01T22:04:47","guid":{"rendered":"https:\/\/www.remingtonlatam.com\/uy\/?post_type=product&#038;p=7214"},"modified":"2026-03-26T20:57:58","modified_gmt":"2026-03-26T20:57:58","slug":"plancha-alisadora-delgada-remington-airvive","status":"publish","type":"product","link":"https:\/\/www.remingtonlatam.com\/uy\/producto\/mujer\/cuidado-del-cabello\/planchas-alisadoras\/plancha-alisadora-delgada-remington-airvive\/","title":{"rendered":"PLANCHA ALISADORA DELGADA REMINGTON\u00ae AIRvive\u2122"},"content":{"rendered":"","protected":false},"excerpt":{"rendered":"<p>Conoce la plancha alisadora delgada REMINGTON\u00ae AIRvive\u2122 . Incorpora Tecnolog\u00eda de Aire I\u00f3nico antiest\u00e1tica y microacondicionadores activados por calor para brindarte un resultado 80% m\u00e1s suave<sup>1<\/sup> que dura todo el d\u00eda<sup>2<\/sup>. Cuenta con cinco ajustes digitales de temperatura, que van de 150\u202f\u00b0C a 230\u202f\u00b0C, y un sistema de calentamiento avanzado que distribuye el calor de manera uniforme a lo largo de las placas, lo que per<span class=\"hide-text\">mite un alisado en una sola pasada<sup>3<\/sup> y con menos da\u00f1o por calor<sup>4<\/sup>.<\/span><\/p>\n","protected":false},"featured_media":7182,"comment_status":"open","ping_status":"closed","template":"","meta":{"_acf_changed":false},"product_brand":[],"product_cat":[48,46,152],"product_tag":[],"class_list":{"0":"post-7214","1":"product","2":"type-product","3":"status-publish","4":"has-post-thumbnail","6":"collections-airvive","7":"characteristics-aire-ionico","8":"characteristics-cabello-con-frizz","9":"characteristics-estilo-de-peinado","10":"characteristics-microacondicionares","11":"characteristics-mujer","12":"characteristics-ondas-de-playa","13":"characteristics-rizos","14":"characteristics-rizos-definidos","15":"characteristics-soluciones-para","16":"characteristics-tecnologia","17":"product_cat-cuidado-del-cabello","18":"product_cat-mujer","19":"product_cat-planchas-alisadoras","21":"first","22":"instock","23":"featured","24":"shipping-taxable","25":"product-type-simple"},"acf":[],"_links":{"self":[{"href":"https:\/\/www.remingtonlatam.com\/uy\/wp-json\/wp\/v2\/product\/7214","targetHints":{"allow":["GET"]}}],"collection":[{"href":"https:\/\/www.remingtonlatam.com\/uy\/wp-json\/wp\/v2\/product"}],"about":[{"href":"https:\/\/www.remingtonlatam.com\/uy\/wp-json\/wp\/v2\/types\/product"}],"replies":[{"embeddable":true,"href":"https:\/\/www.remingtonlatam.com\/uy\/wp-json\/wp\/v2\/comments?post=7214"}],"wp:featuredmedia":[{"embeddable":true,"href":"https:\/\/www.remingtonlatam.com\/uy\/wp-json\/wp\/v2\/media\/7182"}],"wp:attachment":[{"href":"https:\/\/www.remingtonlatam.com\/uy\/wp-json\/wp\/v2\/media?parent=7214"}],"wp:term":[{"taxonomy":"product_brand","embeddable":true,"href":"https:\/\/www.remingtonlatam.com\/uy\/wp-json\/wp\/v2\/product_brand?post=7214"},{"taxonomy":"product_cat","embeddable":true,"href":"https:\/\/www.remingtonlatam.com\/uy\/wp-json\/wp\/v2\/product_cat?post=7214"},{"taxonomy":"product_tag","embeddable":true,"href":"https:\/\/www.remingtonlatam.com\/uy\/wp-json\/wp\/v2\/product_tag?post=7214"}],"curies":[{"name":"wp","href":"https:\/\/api.w.org\/{rel}","templated":true}]}}