{"id":7040,"date":"2024-10-30T14:15:49","date_gmt":"2024-10-30T14:15:49","guid":{"rendered":"https:\/\/www.remingtonlatam.com\/uy\/?post_type=product&#038;p=7040"},"modified":"2024-10-30T14:48:23","modified_gmt":"2024-10-30T14:48:23","slug":"plancha-alisadora-remington-con-ceramica-y-antiestatica","status":"publish","type":"product","link":"https:\/\/www.remingtonlatam.com\/uy\/producto\/mujer\/cuidado-del-cabello\/planchas-alisadoras\/plancha-alisadora-remington-con-ceramica-y-antiestatica\/","title":{"rendered":"Plancha Alisadora Remington con cer\u00e1mica y antiest\u00e1tica"},"content":{"rendered":"","protected":false},"excerpt":{"rendered":"<p>Nuestra <b>plancha de cabello<\/b> con cer\u00e1mica y antiest\u00e1tica te ayudar\u00e1 a mantener un cabello brillante y libre de frizz.<\/p>\n","protected":false},"featured_media":6963,"comment_status":"open","ping_status":"closed","template":"","meta":{"_acf_changed":false},"product_brand":[],"product_cat":[48,46,152],"product_tag":[],"class_list":{"0":"post-7040","1":"product","2":"type-product","3":"status-publish","4":"has-post-thumbnail","6":"characteristics-cabello-con-frizz","7":"characteristics-cabello-sin-brillo","8":"characteristics-ceramica","9":"characteristics-seda","10":"characteristics-volumen-renovado","11":"product_cat-cuidado-del-cabello","12":"product_cat-mujer","13":"product_cat-planchas-alisadoras","15":"first","16":"instock","17":"shipping-taxable","18":"product-type-simple"},"acf":[],"_links":{"self":[{"href":"https:\/\/www.remingtonlatam.com\/uy\/wp-json\/wp\/v2\/product\/7040","targetHints":{"allow":["GET"]}}],"collection":[{"href":"https:\/\/www.remingtonlatam.com\/uy\/wp-json\/wp\/v2\/product"}],"about":[{"href":"https:\/\/www.remingtonlatam.com\/uy\/wp-json\/wp\/v2\/types\/product"}],"replies":[{"embeddable":true,"href":"https:\/\/www.remingtonlatam.com\/uy\/wp-json\/wp\/v2\/comments?post=7040"}],"wp:featuredmedia":[{"embeddable":true,"href":"https:\/\/www.remingtonlatam.com\/uy\/wp-json\/wp\/v2\/media\/6963"}],"wp:attachment":[{"href":"https:\/\/www.remingtonlatam.com\/uy\/wp-json\/wp\/v2\/media?parent=7040"}],"wp:term":[{"taxonomy":"product_brand","embeddable":true,"href":"https:\/\/www.remingtonlatam.com\/uy\/wp-json\/wp\/v2\/product_brand?post=7040"},{"taxonomy":"product_cat","embeddable":true,"href":"https:\/\/www.remingtonlatam.com\/uy\/wp-json\/wp\/v2\/product_cat?post=7040"},{"taxonomy":"product_tag","embeddable":true,"href":"https:\/\/www.remingtonlatam.com\/uy\/wp-json\/wp\/v2\/product_tag?post=7040"}],"curies":[{"name":"wp","href":"https:\/\/api.w.org\/{rel}","templated":true}]}}