{"id":6987,"date":"2024-10-29T13:29:55","date_gmt":"2024-10-29T13:29:55","guid":{"rendered":"https:\/\/www.remingtonlatam.com\/uy\/?post_type=product&#038;p=6987"},"modified":"2024-10-29T13:32:23","modified_gmt":"2024-10-29T13:32:23","slug":"secador-de-viaje-remington-2","status":"publish","type":"product","link":"https:\/\/www.remingtonlatam.com\/uy\/producto\/mujer\/cuidado-del-cabello\/secadores\/secador-de-viaje-remington-2\/","title":{"rendered":"Secador de Viaje Remington"},"content":{"rendered":"","protected":false},"excerpt":{"rendered":"<p>Seca tu cabello a la perfecci\u00f3n est\u00e9s donde est\u00e9s con este compacto pero <b>potente secador de viaje<\/b>.<\/p>\n","protected":false},"featured_media":6941,"comment_status":"open","ping_status":"closed","template":"","meta":{"_acf_changed":false},"product_brand":[],"product_cat":[48,46,51],"product_tag":[],"class_list":{"0":"post-6987","1":"product","2":"type-product","3":"status-publish","4":"has-post-thumbnail","6":"characteristics-cabello-con-frizz","7":"characteristics-cabello-sin-brillo","8":"characteristics-ceramica","9":"characteristics-seda","10":"characteristics-volumen-renovado","11":"product_cat-cuidado-del-cabello","12":"product_cat-mujer","13":"product_cat-secadores","15":"first","16":"instock","17":"shipping-taxable","18":"product-type-simple"},"acf":[],"_links":{"self":[{"href":"https:\/\/www.remingtonlatam.com\/uy\/wp-json\/wp\/v2\/product\/6987","targetHints":{"allow":["GET"]}}],"collection":[{"href":"https:\/\/www.remingtonlatam.com\/uy\/wp-json\/wp\/v2\/product"}],"about":[{"href":"https:\/\/www.remingtonlatam.com\/uy\/wp-json\/wp\/v2\/types\/product"}],"replies":[{"embeddable":true,"href":"https:\/\/www.remingtonlatam.com\/uy\/wp-json\/wp\/v2\/comments?post=6987"}],"wp:featuredmedia":[{"embeddable":true,"href":"https:\/\/www.remingtonlatam.com\/uy\/wp-json\/wp\/v2\/media\/6941"}],"wp:attachment":[{"href":"https:\/\/www.remingtonlatam.com\/uy\/wp-json\/wp\/v2\/media?parent=6987"}],"wp:term":[{"taxonomy":"product_brand","embeddable":true,"href":"https:\/\/www.remingtonlatam.com\/uy\/wp-json\/wp\/v2\/product_brand?post=6987"},{"taxonomy":"product_cat","embeddable":true,"href":"https:\/\/www.remingtonlatam.com\/uy\/wp-json\/wp\/v2\/product_cat?post=6987"},{"taxonomy":"product_tag","embeddable":true,"href":"https:\/\/www.remingtonlatam.com\/uy\/wp-json\/wp\/v2\/product_tag?post=6987"}],"curies":[{"name":"wp","href":"https:\/\/api.w.org\/{rel}","templated":true}]}}