{"id":5540,"date":"2020-10-22T21:14:07","date_gmt":"2020-10-22T21:14:07","guid":{"rendered":"https:\/\/www.remingtonlatam.com\/te\/producto\/import-placeholder-for-cb7401\/"},"modified":"2020-10-22T21:14:37","modified_gmt":"2020-10-22T21:14:37","slug":"cepillo-alisador-remington-2","status":"publish","type":"product","link":"https:\/\/www.remingtonlatam.com\/te\/producto\/cepillo-alisador-remington-2\/","title":{"rendered":"Cepillo Alisador Remington"},"content":{"rendered":"","protected":false},"excerpt":{"rendered":"<p>\u00a1Alisa y cepilla en un solo paso! Remington ha dise\u00f1ado este <b>cepillo alisador<\/b> para mantener el <b>volumen natural<\/b> de tu cabello y suavizarlo hasta la perfecci\u00f3n; as\u00ed conseguir\u00e1s un <b>peinado liso<\/b>, natural y con volumen.<\/p>\n","protected":false},"featured_media":5563,"comment_status":"open","ping_status":"closed","template":"","meta":{"_acf_changed":false},"product_brand":[],"product_cat":[15],"product_tag":[],"class_list":{"0":"post-5540","1":"product","2":"type-product","3":"status-publish","4":"has-post-thumbnail","6":"characteristics-cabello-con-frizz","7":"characteristics-cabello-sin-brillo","8":"characteristics-cabello-sin-volumen","9":"characteristics-ceramica","10":"characteristics-ceramica-ultra","11":"characteristics-liso-perfecto","12":"characteristics-volumen-renovado","13":"product_cat-uncategorized","15":"first","16":"instock","17":"shipping-taxable","18":"product-type-simple"},"acf":[],"_links":{"self":[{"href":"https:\/\/www.remingtonlatam.com\/te\/wp-json\/wp\/v2\/product\/5540","targetHints":{"allow":["GET"]}}],"collection":[{"href":"https:\/\/www.remingtonlatam.com\/te\/wp-json\/wp\/v2\/product"}],"about":[{"href":"https:\/\/www.remingtonlatam.com\/te\/wp-json\/wp\/v2\/types\/product"}],"replies":[{"embeddable":true,"href":"https:\/\/www.remingtonlatam.com\/te\/wp-json\/wp\/v2\/comments?post=5540"}],"wp:featuredmedia":[{"embeddable":true,"href":"https:\/\/www.remingtonlatam.com\/te\/wp-json\/wp\/v2\/media\/5563"}],"wp:attachment":[{"href":"https:\/\/www.remingtonlatam.com\/te\/wp-json\/wp\/v2\/media?parent=5540"}],"wp:term":[{"taxonomy":"product_brand","embeddable":true,"href":"https:\/\/www.remingtonlatam.com\/te\/wp-json\/wp\/v2\/product_brand?post=5540"},{"taxonomy":"product_cat","embeddable":true,"href":"https:\/\/www.remingtonlatam.com\/te\/wp-json\/wp\/v2\/product_cat?post=5540"},{"taxonomy":"product_tag","embeddable":true,"href":"https:\/\/www.remingtonlatam.com\/te\/wp-json\/wp\/v2\/product_tag?post=5540"}],"curies":[{"name":"wp","href":"https:\/\/api.w.org\/{rel}","templated":true}]}}