{"id":5513,"date":"2020-08-04T15:14:35","date_gmt":"2020-08-04T15:14:35","guid":{"rendered":"https:\/\/www.remingtonlatam.com\/te\/producto\/sincategorizar\/plancha-alisadora-remington-smart-sensor-pro-4\/"},"modified":"2020-10-15T17:27:50","modified_gmt":"2020-10-15T17:27:50","slug":"plancha-alisadora-remington-smart-sensor-pro-4","status":"publish","type":"product","link":"https:\/\/www.remingtonlatam.com\/te\/producto\/plancha-alisadora-remington-smart-sensor-pro-4\/","title":{"rendered":"Plancha Alisadora Remington Smart Sensor Pro"},"content":{"rendered":"","protected":false},"excerpt":{"rendered":"<p>\u00a1La tecnolog\u00eda que tu cabello necesita! Tu cabello se mantendr\u00e1 fuerte y saludable a medidas que lo estilizas gracias a la <b>plancha de cabellot<\/b> de Remington y su cer\u00e1mica avanzada con infusi\u00f3n de aceite de almendras. Adem\u00e1s, el sensor inteligente ayudar\u00e1 a mantener tu cabello sano y protegido del calor.<\/p>\n","protected":false},"featured_media":5516,"comment_status":"open","ping_status":"closed","template":"","meta":{"_acf_changed":false},"product_brand":[],"product_cat":[15],"product_tag":[],"class_list":{"0":"post-5513","1":"product","2":"type-product","3":"status-publish","4":"has-post-thumbnail","6":"characteristics-cabello-maltratado","7":"characteristics-cabello-sin-brillo","8":"characteristics-ceramica","9":"characteristics-liso-perfecto","10":"product_cat-uncategorized","12":"first","13":"instock","14":"shipping-taxable","15":"product-type-simple"},"acf":[],"_links":{"self":[{"href":"https:\/\/www.remingtonlatam.com\/te\/wp-json\/wp\/v2\/product\/5513","targetHints":{"allow":["GET"]}}],"collection":[{"href":"https:\/\/www.remingtonlatam.com\/te\/wp-json\/wp\/v2\/product"}],"about":[{"href":"https:\/\/www.remingtonlatam.com\/te\/wp-json\/wp\/v2\/types\/product"}],"replies":[{"embeddable":true,"href":"https:\/\/www.remingtonlatam.com\/te\/wp-json\/wp\/v2\/comments?post=5513"}],"wp:featuredmedia":[{"embeddable":true,"href":"https:\/\/www.remingtonlatam.com\/te\/wp-json\/wp\/v2\/media\/5516"}],"wp:attachment":[{"href":"https:\/\/www.remingtonlatam.com\/te\/wp-json\/wp\/v2\/media?parent=5513"}],"wp:term":[{"taxonomy":"product_brand","embeddable":true,"href":"https:\/\/www.remingtonlatam.com\/te\/wp-json\/wp\/v2\/product_brand?post=5513"},{"taxonomy":"product_cat","embeddable":true,"href":"https:\/\/www.remingtonlatam.com\/te\/wp-json\/wp\/v2\/product_cat?post=5513"},{"taxonomy":"product_tag","embeddable":true,"href":"https:\/\/www.remingtonlatam.com\/te\/wp-json\/wp\/v2\/product_tag?post=5513"}],"curies":[{"name":"wp","href":"https:\/\/api.w.org\/{rel}","templated":true}]}}