{"id":5484,"date":"2020-08-03T00:44:44","date_gmt":"2020-08-03T00:44:44","guid":{"rendered":"https:\/\/www.remingtonlatam.com\/te\/producto\/sincategorizar\/afeitadora-rotativa-remington-hyperflex-3-en-1-2\/"},"modified":"2020-08-03T00:44:56","modified_gmt":"2020-08-03T00:44:56","slug":"afeitadora-rotativa-remington-hyperflex-3-en-1-2","status":"publish","type":"product","link":"https:\/\/www.remingtonlatam.com\/te\/producto\/afeitadora-rotativa-remington-hyperflex-3-en-1-2\/","title":{"rendered":"Afeitadora Rotativa Remington Hyperflex 3 En 1"},"content":{"rendered":"","protected":false},"excerpt":{"rendered":"<p>\u00a1Cabezales intercambiables 3 en 1! \u00a1Afeita, Corta y Limpia! La <b>afeitadora<\/b> rotativa Hyperflex 3 en 1 de Remington maneja la mejor tecnolog\u00eda de afeitado que te brindar\u00e1 el m\u00e1ximo confort en tu rutina diaria.<\/p>\n","protected":false},"featured_media":5490,"comment_status":"open","ping_status":"closed","template":"","meta":{"_acf_changed":false},"product_brand":[],"product_cat":[15],"product_tag":[],"class_list":{"0":"post-5484","1":"product","2":"type-product","3":"status-publish","4":"has-post-thumbnail","6":"characteristics-hojillas-flexibles","7":"characteristics-hyperflex","8":"characteristics-recargable-100-a-prueba-de-agua","9":"characteristics-rostro","10":"product_cat-uncategorized","12":"first","13":"instock","14":"shipping-taxable","15":"product-type-simple"},"acf":[],"_links":{"self":[{"href":"https:\/\/www.remingtonlatam.com\/te\/wp-json\/wp\/v2\/product\/5484","targetHints":{"allow":["GET"]}}],"collection":[{"href":"https:\/\/www.remingtonlatam.com\/te\/wp-json\/wp\/v2\/product"}],"about":[{"href":"https:\/\/www.remingtonlatam.com\/te\/wp-json\/wp\/v2\/types\/product"}],"replies":[{"embeddable":true,"href":"https:\/\/www.remingtonlatam.com\/te\/wp-json\/wp\/v2\/comments?post=5484"}],"wp:featuredmedia":[{"embeddable":true,"href":"https:\/\/www.remingtonlatam.com\/te\/wp-json\/wp\/v2\/media\/5490"}],"wp:attachment":[{"href":"https:\/\/www.remingtonlatam.com\/te\/wp-json\/wp\/v2\/media?parent=5484"}],"wp:term":[{"taxonomy":"product_brand","embeddable":true,"href":"https:\/\/www.remingtonlatam.com\/te\/wp-json\/wp\/v2\/product_brand?post=5484"},{"taxonomy":"product_cat","embeddable":true,"href":"https:\/\/www.remingtonlatam.com\/te\/wp-json\/wp\/v2\/product_cat?post=5484"},{"taxonomy":"product_tag","embeddable":true,"href":"https:\/\/www.remingtonlatam.com\/te\/wp-json\/wp\/v2\/product_tag?post=5484"}],"curies":[{"name":"wp","href":"https:\/\/api.w.org\/{rel}","templated":true}]}}