{"id":5464,"date":"2020-08-03T00:44:21","date_gmt":"2020-08-03T00:44:21","guid":{"rendered":"https:\/\/www.remingtonlatam.com\/te\/producto\/sincategorizar\/recortadora-facial-remington-smooth-and-silky-2\/"},"modified":"2020-08-03T00:44:30","modified_gmt":"2020-08-03T00:44:30","slug":"recortadora-facial-remington-smooth-and-silky-2","status":"publish","type":"product","link":"https:\/\/www.remingtonlatam.com\/te\/producto\/recortadora-facial-remington-smooth-and-silky-2\/","title":{"rendered":"Recortadora Facial Remington Smooth And Silky"},"content":{"rendered":"","protected":false},"excerpt":{"rendered":"<p>Tanto si tienes previsto salir, ir de vacaciones o simplemente ir a trabajar, arreglarte nunca hab\u00eda sido tan f\u00e1cil. Manten bajo control esos desagradables vellos sueltos y las cejas con el <b>kit de depilaci\u00f3n Smooth and Silky<\/b> de Remington.<\/p>\n","protected":false},"featured_media":5469,"comment_status":"open","ping_status":"closed","template":"","meta":{"_acf_changed":false},"product_brand":[],"product_cat":[49,141],"product_tag":[],"class_list":{"0":"post-5464","1":"product","2":"type-product","3":"status-publish","4":"has-post-thumbnail","6":"product_cat-depilacion","7":"product_cat-kit-de-belleza","9":"first","10":"instock","11":"shipping-taxable","12":"product-type-simple"},"acf":[],"_links":{"self":[{"href":"https:\/\/www.remingtonlatam.com\/te\/wp-json\/wp\/v2\/product\/5464","targetHints":{"allow":["GET"]}}],"collection":[{"href":"https:\/\/www.remingtonlatam.com\/te\/wp-json\/wp\/v2\/product"}],"about":[{"href":"https:\/\/www.remingtonlatam.com\/te\/wp-json\/wp\/v2\/types\/product"}],"replies":[{"embeddable":true,"href":"https:\/\/www.remingtonlatam.com\/te\/wp-json\/wp\/v2\/comments?post=5464"}],"wp:featuredmedia":[{"embeddable":true,"href":"https:\/\/www.remingtonlatam.com\/te\/wp-json\/wp\/v2\/media\/5469"}],"wp:attachment":[{"href":"https:\/\/www.remingtonlatam.com\/te\/wp-json\/wp\/v2\/media?parent=5464"}],"wp:term":[{"taxonomy":"product_brand","embeddable":true,"href":"https:\/\/www.remingtonlatam.com\/te\/wp-json\/wp\/v2\/product_brand?post=5464"},{"taxonomy":"product_cat","embeddable":true,"href":"https:\/\/www.remingtonlatam.com\/te\/wp-json\/wp\/v2\/product_cat?post=5464"},{"taxonomy":"product_tag","embeddable":true,"href":"https:\/\/www.remingtonlatam.com\/te\/wp-json\/wp\/v2\/product_tag?post=5464"}],"curies":[{"name":"wp","href":"https:\/\/api.w.org\/{rel}","templated":true}]}}