{"id":5310,"date":"2020-05-20T01:53:51","date_gmt":"2020-05-20T01:53:51","guid":{"rendered":"https:\/\/www.remingtonlatam.com\/te\/producto\/sincategorizar\/plancha-alisadora-remington-airplates-2\/"},"modified":"2020-05-20T01:53:59","modified_gmt":"2020-05-20T01:53:59","slug":"plancha-alisadora-remington-airplates-2","status":"publish","type":"product","link":"https:\/\/www.remingtonlatam.com\/te\/producto\/plancha-alisadora-remington-airplates-2\/","title":{"rendered":"Plancha Alisadora Remington Airplates"},"content":{"rendered":"","protected":false},"excerpt":{"rendered":"<p>Una innovaci\u00f3n a escala mundial que alisa el cabello a la perfecci\u00f3n. La <b>plancha para cabello Air Plates<\/b> de Remington incorpora un exclusivo sistema de placas en suspensi\u00f3n que se ajusta autom\u00e1ticamente al cabello para propiciar el m\u00e1ximo contacto en cada pasada.<\/p>\n","protected":false},"featured_media":0,"comment_status":"open","ping_status":"closed","template":"","meta":{"_acf_changed":false},"product_brand":[],"product_cat":[15],"product_tag":[],"class_list":{"0":"post-5310","1":"product","2":"type-product","3":"status-publish","5":"characteristics-cabello-maltratado","6":"characteristics-cabello-sin-brillo","7":"characteristics-ceramica","8":"characteristics-liso-perfecto","9":"characteristics-titanio","10":"product_cat-uncategorized","12":"first","13":"instock","14":"shipping-taxable","15":"product-type-simple"},"acf":[],"_links":{"self":[{"href":"https:\/\/www.remingtonlatam.com\/te\/wp-json\/wp\/v2\/product\/5310","targetHints":{"allow":["GET"]}}],"collection":[{"href":"https:\/\/www.remingtonlatam.com\/te\/wp-json\/wp\/v2\/product"}],"about":[{"href":"https:\/\/www.remingtonlatam.com\/te\/wp-json\/wp\/v2\/types\/product"}],"replies":[{"embeddable":true,"href":"https:\/\/www.remingtonlatam.com\/te\/wp-json\/wp\/v2\/comments?post=5310"}],"wp:attachment":[{"href":"https:\/\/www.remingtonlatam.com\/te\/wp-json\/wp\/v2\/media?parent=5310"}],"wp:term":[{"taxonomy":"product_brand","embeddable":true,"href":"https:\/\/www.remingtonlatam.com\/te\/wp-json\/wp\/v2\/product_brand?post=5310"},{"taxonomy":"product_cat","embeddable":true,"href":"https:\/\/www.remingtonlatam.com\/te\/wp-json\/wp\/v2\/product_cat?post=5310"},{"taxonomy":"product_tag","embeddable":true,"href":"https:\/\/www.remingtonlatam.com\/te\/wp-json\/wp\/v2\/product_tag?post=5310"}],"curies":[{"name":"wp","href":"https:\/\/api.w.org\/{rel}","templated":true}]}}