{"id":3522,"date":"2019-12-12T16:09:38","date_gmt":"2019-12-12T16:09:38","guid":{"rendered":"http:\/\/remingtonla-stage.us-east-1.elasticbeanstalk.com\/te\/producto\/afeitadora-rotativa-remington-hyperflex-3-en-1\/"},"modified":"2020-01-27T00:16:08","modified_gmt":"2020-01-27T00:16:08","slug":"afeitadora-rotativa-remington-hyperflex-3-en-1","status":"publish","type":"product","link":"https:\/\/www.remingtonlatam.com\/te\/producto\/afeitadora-rotativa-remington-hyperflex-3-en-1\/","title":{"rendered":"Afeitadora Rotativa Remington Hyperflex 3 En 1"},"content":{"rendered":"","protected":false},"excerpt":{"rendered":"<p>\u00a1Cabezales intercambiables 3 en 1! \u00a1Afeita, Corta y Limpia! La <b>afeitadora<\/b> rotativa Hyperflex 3 en 1 de Remington maneja la mejor tecnolog\u00eda de afeitado que te brindar\u00e1 el m\u00e1ximo confort en tu rutina diaria.<\/p>\n","protected":false},"featured_media":3526,"comment_status":"open","ping_status":"closed","template":"","meta":{"_acf_changed":false},"product_brand":[],"product_cat":[15],"product_tag":[],"class_list":{"0":"post-3522","1":"product","2":"type-product","3":"status-publish","4":"has-post-thumbnail","6":"characteristics-100-a-prueba-de-agua","7":"characteristics-hojillas-flexibles","8":"characteristics-hyperflex","9":"characteristics-recargable","10":"characteristics-rostro","11":"product_cat-uncategorized","13":"first","14":"instock","15":"shipping-taxable","16":"product-type-simple"},"acf":[],"_links":{"self":[{"href":"https:\/\/www.remingtonlatam.com\/te\/wp-json\/wp\/v2\/product\/3522","targetHints":{"allow":["GET"]}}],"collection":[{"href":"https:\/\/www.remingtonlatam.com\/te\/wp-json\/wp\/v2\/product"}],"about":[{"href":"https:\/\/www.remingtonlatam.com\/te\/wp-json\/wp\/v2\/types\/product"}],"replies":[{"embeddable":true,"href":"https:\/\/www.remingtonlatam.com\/te\/wp-json\/wp\/v2\/comments?post=3522"}],"wp:featuredmedia":[{"embeddable":true,"href":"https:\/\/www.remingtonlatam.com\/te\/wp-json\/wp\/v2\/media\/3526"}],"wp:attachment":[{"href":"https:\/\/www.remingtonlatam.com\/te\/wp-json\/wp\/v2\/media?parent=3522"}],"wp:term":[{"taxonomy":"product_brand","embeddable":true,"href":"https:\/\/www.remingtonlatam.com\/te\/wp-json\/wp\/v2\/product_brand?post=3522"},{"taxonomy":"product_cat","embeddable":true,"href":"https:\/\/www.remingtonlatam.com\/te\/wp-json\/wp\/v2\/product_cat?post=3522"},{"taxonomy":"product_tag","embeddable":true,"href":"https:\/\/www.remingtonlatam.com\/te\/wp-json\/wp\/v2\/product_tag?post=3522"}],"curies":[{"name":"wp","href":"https:\/\/api.w.org\/{rel}","templated":true}]}}