{"id":3496,"date":"2019-12-12T16:09:03","date_gmt":"2019-12-12T16:09:03","guid":{"rendered":"http:\/\/remingtonla-stage.us-east-1.elasticbeanstalk.com\/te\/producto\/kit-remington-recortador-corporal-y-bikini-smooth-and-silky\/"},"modified":"2020-01-27T00:16:03","modified_gmt":"2020-01-27T00:16:03","slug":"kit-remington-recortador-corporal-y-bikini-smooth-and-silky","status":"publish","type":"product","link":"https:\/\/www.remingtonlatam.com\/te\/producto\/kit-remington-recortador-corporal-y-bikini-smooth-and-silky\/","title":{"rendered":"Kit Remington Recortador Corporal y Bikini Smooth And Silky"},"content":{"rendered":"","protected":false},"excerpt":{"rendered":"<p>Elegante y simple con el <b>kit de depilaci\u00f3n<\/b> de cuerpo y bikini Smooth &#038; Silky. El recortador y la gu\u00eda de longitud ajustable son perfectos para retoques r\u00e1pidos y dar forma a tu zona \u00edntima.<\/p>\n","protected":false},"featured_media":3497,"comment_status":"open","ping_status":"closed","template":"","meta":{"_acf_changed":false},"product_brand":[],"product_cat":[49,141],"product_tag":[],"class_list":{"0":"post-3496","1":"product","2":"type-product","3":"status-publish","4":"has-post-thumbnail","6":"product_cat-depilacion","7":"product_cat-kit-de-belleza","9":"first","10":"instock","11":"shipping-taxable","12":"product-type-simple"},"acf":[],"_links":{"self":[{"href":"https:\/\/www.remingtonlatam.com\/te\/wp-json\/wp\/v2\/product\/3496","targetHints":{"allow":["GET"]}}],"collection":[{"href":"https:\/\/www.remingtonlatam.com\/te\/wp-json\/wp\/v2\/product"}],"about":[{"href":"https:\/\/www.remingtonlatam.com\/te\/wp-json\/wp\/v2\/types\/product"}],"replies":[{"embeddable":true,"href":"https:\/\/www.remingtonlatam.com\/te\/wp-json\/wp\/v2\/comments?post=3496"}],"wp:featuredmedia":[{"embeddable":true,"href":"https:\/\/www.remingtonlatam.com\/te\/wp-json\/wp\/v2\/media\/3497"}],"wp:attachment":[{"href":"https:\/\/www.remingtonlatam.com\/te\/wp-json\/wp\/v2\/media?parent=3496"}],"wp:term":[{"taxonomy":"product_brand","embeddable":true,"href":"https:\/\/www.remingtonlatam.com\/te\/wp-json\/wp\/v2\/product_brand?post=3496"},{"taxonomy":"product_cat","embeddable":true,"href":"https:\/\/www.remingtonlatam.com\/te\/wp-json\/wp\/v2\/product_cat?post=3496"},{"taxonomy":"product_tag","embeddable":true,"href":"https:\/\/www.remingtonlatam.com\/te\/wp-json\/wp\/v2\/product_tag?post=3496"}],"curies":[{"name":"wp","href":"https:\/\/api.w.org\/{rel}","templated":true}]}}