{"id":3078,"date":"2019-12-12T16:01:09","date_gmt":"2019-12-12T16:01:09","guid":{"rendered":"http:\/\/remingtonla-stage.us-east-1.elasticbeanstalk.com\/te\/producto\/afeitadora-rotativa-remington-power-series-flex\/"},"modified":"2020-01-27T00:13:52","modified_gmt":"2020-01-27T00:13:52","slug":"afeitadora-rotativa-remington-power-series-flex","status":"publish","type":"product","link":"https:\/\/www.remingtonlatam.com\/te\/producto\/afeitadora-rotativa-remington-power-series-flex\/","title":{"rendered":"Afeitadora Rotativa Remington Power Series Flex"},"content":{"rendered":"","protected":false},"excerpt":{"rendered":"<p>Consigue un afeitado m\u00e1s c\u00f3modo y r\u00e1pido con la <b>afeitadora<\/b> rotativa de la gama Power Series. Cuenta con una zona antimicrobiana situada alrededor de las cuchillas y tres cortadores flexibles independientes que se adaptan al contorno y proporcionan un afeitado suave y limpio.<\/p>\n","protected":false},"featured_media":3082,"comment_status":"open","ping_status":"closed","template":"","meta":{"_acf_changed":false},"product_brand":[],"product_cat":[15],"product_tag":[],"class_list":{"0":"post-3078","1":"product","2":"type-product","3":"status-publish","4":"has-post-thumbnail","6":"characteristics-active-contour","7":"characteristics-con-cable","8":"characteristics-power-flex-360","9":"characteristics-rostro","10":"product_cat-uncategorized","12":"first","13":"instock","14":"shipping-taxable","15":"product-type-simple"},"acf":[],"_links":{"self":[{"href":"https:\/\/www.remingtonlatam.com\/te\/wp-json\/wp\/v2\/product\/3078","targetHints":{"allow":["GET"]}}],"collection":[{"href":"https:\/\/www.remingtonlatam.com\/te\/wp-json\/wp\/v2\/product"}],"about":[{"href":"https:\/\/www.remingtonlatam.com\/te\/wp-json\/wp\/v2\/types\/product"}],"replies":[{"embeddable":true,"href":"https:\/\/www.remingtonlatam.com\/te\/wp-json\/wp\/v2\/comments?post=3078"}],"wp:featuredmedia":[{"embeddable":true,"href":"https:\/\/www.remingtonlatam.com\/te\/wp-json\/wp\/v2\/media\/3082"}],"wp:attachment":[{"href":"https:\/\/www.remingtonlatam.com\/te\/wp-json\/wp\/v2\/media?parent=3078"}],"wp:term":[{"taxonomy":"product_brand","embeddable":true,"href":"https:\/\/www.remingtonlatam.com\/te\/wp-json\/wp\/v2\/product_brand?post=3078"},{"taxonomy":"product_cat","embeddable":true,"href":"https:\/\/www.remingtonlatam.com\/te\/wp-json\/wp\/v2\/product_cat?post=3078"},{"taxonomy":"product_tag","embeddable":true,"href":"https:\/\/www.remingtonlatam.com\/te\/wp-json\/wp\/v2\/product_tag?post=3078"}],"curies":[{"name":"wp","href":"https:\/\/api.w.org\/{rel}","templated":true}]}}