{"id":2962,"date":"2019-12-12T15:58:59","date_gmt":"2019-12-12T15:58:59","guid":{"rendered":"http:\/\/remingtonla-stage.us-east-1.elasticbeanstalk.com\/te\/producto\/recortadora-facial-remington-smooth-and-silky\/"},"modified":"2020-01-27T00:13:22","modified_gmt":"2020-01-27T00:13:22","slug":"recortadora-facial-remington-smooth-and-silky","status":"publish","type":"product","link":"https:\/\/www.remingtonlatam.com\/te\/producto\/recortadora-facial-remington-smooth-and-silky\/","title":{"rendered":"Recortadora Facial Remington Smooth And Silky"},"content":{"rendered":"","protected":false},"excerpt":{"rendered":"<p>Tanto si tienes previsto salir, ir de vacaciones o simplemente ir a trabajar, arreglarte nunca hab\u00eda sido tan f\u00e1cil. Manten bajo control esos desagradables vellos sueltos y las cejas con el <b>kit de depilaci\u00f3n Smooth and Silky<\/b> de Remington.<\/p>\n","protected":false},"featured_media":2963,"comment_status":"open","ping_status":"closed","template":"","meta":{"_acf_changed":false},"product_brand":[],"product_cat":[49,141],"product_tag":[],"class_list":{"0":"post-2962","1":"product","2":"type-product","3":"status-publish","4":"has-post-thumbnail","6":"product_cat-depilacion","7":"product_cat-kit-de-belleza","9":"first","10":"instock","11":"shipping-taxable","12":"product-type-simple"},"acf":[],"_links":{"self":[{"href":"https:\/\/www.remingtonlatam.com\/te\/wp-json\/wp\/v2\/product\/2962","targetHints":{"allow":["GET"]}}],"collection":[{"href":"https:\/\/www.remingtonlatam.com\/te\/wp-json\/wp\/v2\/product"}],"about":[{"href":"https:\/\/www.remingtonlatam.com\/te\/wp-json\/wp\/v2\/types\/product"}],"replies":[{"embeddable":true,"href":"https:\/\/www.remingtonlatam.com\/te\/wp-json\/wp\/v2\/comments?post=2962"}],"wp:featuredmedia":[{"embeddable":true,"href":"https:\/\/www.remingtonlatam.com\/te\/wp-json\/wp\/v2\/media\/2963"}],"wp:attachment":[{"href":"https:\/\/www.remingtonlatam.com\/te\/wp-json\/wp\/v2\/media?parent=2962"}],"wp:term":[{"taxonomy":"product_brand","embeddable":true,"href":"https:\/\/www.remingtonlatam.com\/te\/wp-json\/wp\/v2\/product_brand?post=2962"},{"taxonomy":"product_cat","embeddable":true,"href":"https:\/\/www.remingtonlatam.com\/te\/wp-json\/wp\/v2\/product_cat?post=2962"},{"taxonomy":"product_tag","embeddable":true,"href":"https:\/\/www.remingtonlatam.com\/te\/wp-json\/wp\/v2\/product_tag?post=2962"}],"curies":[{"name":"wp","href":"https:\/\/api.w.org\/{rel}","templated":true}]}}