{"id":2948,"date":"2019-12-12T15:58:41","date_gmt":"2019-12-12T15:58:41","guid":{"rendered":"http:\/\/remingtonla-stage.us-east-1.elasticbeanstalk.com\/te\/producto\/recortador-de-barba-profesional-beard-boss\/"},"modified":"2020-01-27T19:39:00","modified_gmt":"2020-01-27T19:39:00","slug":"recortador-de-barba-profesional-beard-boss","status":"publish","type":"product","link":"https:\/\/www.remingtonlatam.com\/te\/producto\/recortador-de-barba-profesional-beard-boss\/","title":{"rendered":"Recortador De Barba Profesional Beard Boss"},"content":{"rendered":"","protected":false},"excerpt":{"rendered":"<p>El <b>recortador de barba Beard Boss PRO<\/b> es perfecta para aquellos que quieren lucir una barba impecable que llame la atenci\u00f3n. Este recortador de barba cuenta con cuchillas revestidas de titanio 300 %* m\u00e1s duras que las de acero inoxidable, y un dise\u00f1o que le permite deslizarse con facilidad por los contornos de la cara para un acabado r\u00e1pido y uniforme.<\/p>\n","protected":false},"featured_media":2949,"comment_status":"open","ping_status":"closed","template":"","meta":{"_acf_changed":false},"product_brand":[],"product_cat":[15],"product_tag":[],"class_list":{"0":"post-2948","1":"product","2":"type-product","3":"status-publish","4":"has-post-thumbnail","6":"characteristics-con-cable-sin-cable","7":"characteristics-rostro","8":"characteristics-titanio","9":"product_cat-uncategorized","11":"first","12":"instock","13":"shipping-taxable","14":"product-type-simple"},"acf":[],"_links":{"self":[{"href":"https:\/\/www.remingtonlatam.com\/te\/wp-json\/wp\/v2\/product\/2948","targetHints":{"allow":["GET"]}}],"collection":[{"href":"https:\/\/www.remingtonlatam.com\/te\/wp-json\/wp\/v2\/product"}],"about":[{"href":"https:\/\/www.remingtonlatam.com\/te\/wp-json\/wp\/v2\/types\/product"}],"replies":[{"embeddable":true,"href":"https:\/\/www.remingtonlatam.com\/te\/wp-json\/wp\/v2\/comments?post=2948"}],"wp:featuredmedia":[{"embeddable":true,"href":"https:\/\/www.remingtonlatam.com\/te\/wp-json\/wp\/v2\/media\/2949"}],"wp:attachment":[{"href":"https:\/\/www.remingtonlatam.com\/te\/wp-json\/wp\/v2\/media?parent=2948"}],"wp:term":[{"taxonomy":"product_brand","embeddable":true,"href":"https:\/\/www.remingtonlatam.com\/te\/wp-json\/wp\/v2\/product_brand?post=2948"},{"taxonomy":"product_cat","embeddable":true,"href":"https:\/\/www.remingtonlatam.com\/te\/wp-json\/wp\/v2\/product_cat?post=2948"},{"taxonomy":"product_tag","embeddable":true,"href":"https:\/\/www.remingtonlatam.com\/te\/wp-json\/wp\/v2\/product_tag?post=2948"}],"curies":[{"name":"wp","href":"https:\/\/api.w.org\/{rel}","templated":true}]}}