{"id":2936,"date":"2019-12-12T15:58:27","date_gmt":"2019-12-12T15:58:27","guid":{"rendered":"http:\/\/remingtonla-stage.us-east-1.elasticbeanstalk.com\/te\/producto\/recortador-de-barba-remington-kit-multiestilo\/"},"modified":"2020-01-27T00:13:19","modified_gmt":"2020-01-27T00:13:19","slug":"recortador-de-barba-remington-kit-multiestilo","status":"publish","type":"product","link":"https:\/\/www.remingtonlatam.com\/te\/producto\/recortador-de-barba-remington-kit-multiestilo\/","title":{"rendered":"Recortador De Barba Remington Kit Multiestilo"},"content":{"rendered":"","protected":false},"excerpt":{"rendered":"<p>Conseguir una barba de varios d\u00edas que se vea elegante y que no parezca una sombra gris\u00e1cea no es tarea f\u00e1cil. Por eso te presentamos el <b>recortador de barba<\/b> con kit multiestilo que se convertir\u00e1 en el aliado ideal para mantener tu barba sin esfuerzo.<\/p>\n","protected":false},"featured_media":2940,"comment_status":"open","ping_status":"closed","template":"","meta":{"_acf_changed":false},"product_brand":[],"product_cat":[15],"product_tag":[],"class_list":{"0":"post-2936","1":"product","2":"type-product","3":"status-publish","4":"has-post-thumbnail","6":"characteristics-con-cable-sin-cable","7":"characteristics-rostro","8":"characteristics-titanio","9":"product_cat-uncategorized","11":"first","12":"instock","13":"shipping-taxable","14":"product-type-simple"},"acf":[],"_links":{"self":[{"href":"https:\/\/www.remingtonlatam.com\/te\/wp-json\/wp\/v2\/product\/2936","targetHints":{"allow":["GET"]}}],"collection":[{"href":"https:\/\/www.remingtonlatam.com\/te\/wp-json\/wp\/v2\/product"}],"about":[{"href":"https:\/\/www.remingtonlatam.com\/te\/wp-json\/wp\/v2\/types\/product"}],"replies":[{"embeddable":true,"href":"https:\/\/www.remingtonlatam.com\/te\/wp-json\/wp\/v2\/comments?post=2936"}],"wp:featuredmedia":[{"embeddable":true,"href":"https:\/\/www.remingtonlatam.com\/te\/wp-json\/wp\/v2\/media\/2940"}],"wp:attachment":[{"href":"https:\/\/www.remingtonlatam.com\/te\/wp-json\/wp\/v2\/media?parent=2936"}],"wp:term":[{"taxonomy":"product_brand","embeddable":true,"href":"https:\/\/www.remingtonlatam.com\/te\/wp-json\/wp\/v2\/product_brand?post=2936"},{"taxonomy":"product_cat","embeddable":true,"href":"https:\/\/www.remingtonlatam.com\/te\/wp-json\/wp\/v2\/product_cat?post=2936"},{"taxonomy":"product_tag","embeddable":true,"href":"https:\/\/www.remingtonlatam.com\/te\/wp-json\/wp\/v2\/product_tag?post=2936"}],"curies":[{"name":"wp","href":"https:\/\/api.w.org\/{rel}","templated":true}]}}