{"id":2877,"date":"2019-12-12T15:57:09","date_gmt":"2019-12-12T15:57:09","guid":{"rendered":"http:\/\/remingtonla-stage.us-east-1.elasticbeanstalk.com\/te\/producto\/afeitadora-remington-legacy\/"},"modified":"2020-01-27T00:13:10","modified_gmt":"2020-01-27T00:13:10","slug":"afeitadora-remington-legacy","status":"publish","type":"product","link":"https:\/\/www.remingtonlatam.com\/te\/producto\/afeitadora-remington-legacy\/","title":{"rendered":"Afeitadora Remington Legacy"},"content":{"rendered":"","protected":false},"excerpt":{"rendered":"<p>La <b>afeitadora Legacy<\/b> de Remington est\u00e1 inspirada en la tradici\u00f3n y la innovaci\u00f3n, sin dejar de pensar en aquellas personas que valoran la calidad y el rendimiento, y no temen apropiarse de su estilo. Sus hojillas flexibles ayudan a lograr resultados a ras.<\/p>\n","protected":false},"featured_media":2879,"comment_status":"open","ping_status":"closed","template":"","meta":{"_acf_changed":false},"product_brand":[],"product_cat":[15],"product_tag":[],"class_list":{"0":"post-2877","1":"product","2":"type-product","3":"status-publish","4":"has-post-thumbnail","6":"characteristics-hojillas-flexibles","7":"characteristics-recargable","8":"characteristics-rostro","9":"product_cat-uncategorized","11":"first","12":"instock","13":"shipping-taxable","14":"product-type-simple"},"acf":[],"_links":{"self":[{"href":"https:\/\/www.remingtonlatam.com\/te\/wp-json\/wp\/v2\/product\/2877","targetHints":{"allow":["GET"]}}],"collection":[{"href":"https:\/\/www.remingtonlatam.com\/te\/wp-json\/wp\/v2\/product"}],"about":[{"href":"https:\/\/www.remingtonlatam.com\/te\/wp-json\/wp\/v2\/types\/product"}],"replies":[{"embeddable":true,"href":"https:\/\/www.remingtonlatam.com\/te\/wp-json\/wp\/v2\/comments?post=2877"}],"wp:featuredmedia":[{"embeddable":true,"href":"https:\/\/www.remingtonlatam.com\/te\/wp-json\/wp\/v2\/media\/2879"}],"wp:attachment":[{"href":"https:\/\/www.remingtonlatam.com\/te\/wp-json\/wp\/v2\/media?parent=2877"}],"wp:term":[{"taxonomy":"product_brand","embeddable":true,"href":"https:\/\/www.remingtonlatam.com\/te\/wp-json\/wp\/v2\/product_brand?post=2877"},{"taxonomy":"product_cat","embeddable":true,"href":"https:\/\/www.remingtonlatam.com\/te\/wp-json\/wp\/v2\/product_cat?post=2877"},{"taxonomy":"product_tag","embeddable":true,"href":"https:\/\/www.remingtonlatam.com\/te\/wp-json\/wp\/v2\/product_tag?post=2877"}],"curies":[{"name":"wp","href":"https:\/\/api.w.org\/{rel}","templated":true}]}}