{"id":2677,"date":"2019-12-12T15:53:20","date_gmt":"2019-12-12T15:53:20","guid":{"rendered":"http:\/\/remingtonla-stage.us-east-1.elasticbeanstalk.com\/te\/producto\/secador-remington-diamond-ceramic-shine\/"},"modified":"2020-01-27T00:12:22","modified_gmt":"2020-01-27T00:12:22","slug":"secador-remington-diamond-ceramic-shine","status":"publish","type":"product","link":"https:\/\/www.remingtonlatam.com\/te\/producto\/secador-remington-diamond-ceramic-shine\/","title":{"rendered":"Secador Remington Diamond Ceramic Shine"},"content":{"rendered":"","protected":false},"excerpt":{"rendered":"<p>\u00a1Menos frizz, secado m\u00e1s r\u00e1pido y mucho m\u00e1s brillo! El <b>secador Diamond Ceramic Shine<\/b> de Remington cuenta con una gran potencia de 1875 Watts,  lo que permite que tengas un gran control al momento de peinarte y luzcas exactamente como lo deseas.<\/p>\n","protected":false},"featured_media":2679,"comment_status":"open","ping_status":"closed","template":"","meta":{"_acf_changed":false},"product_brand":[],"product_cat":[15],"product_tag":[],"class_list":{"0":"post-2677","1":"product","2":"type-product","3":"status-publish","4":"has-post-thumbnail","6":"characteristics-cabello-con-frizz","7":"characteristics-ceramica","8":"characteristics-iones","9":"characteristics-turmalina","10":"characteristics-volumen-renovado","11":"product_cat-uncategorized","13":"first","14":"instock","15":"shipping-taxable","16":"product-type-simple"},"acf":[],"_links":{"self":[{"href":"https:\/\/www.remingtonlatam.com\/te\/wp-json\/wp\/v2\/product\/2677","targetHints":{"allow":["GET"]}}],"collection":[{"href":"https:\/\/www.remingtonlatam.com\/te\/wp-json\/wp\/v2\/product"}],"about":[{"href":"https:\/\/www.remingtonlatam.com\/te\/wp-json\/wp\/v2\/types\/product"}],"replies":[{"embeddable":true,"href":"https:\/\/www.remingtonlatam.com\/te\/wp-json\/wp\/v2\/comments?post=2677"}],"wp:featuredmedia":[{"embeddable":true,"href":"https:\/\/www.remingtonlatam.com\/te\/wp-json\/wp\/v2\/media\/2679"}],"wp:attachment":[{"href":"https:\/\/www.remingtonlatam.com\/te\/wp-json\/wp\/v2\/media?parent=2677"}],"wp:term":[{"taxonomy":"product_brand","embeddable":true,"href":"https:\/\/www.remingtonlatam.com\/te\/wp-json\/wp\/v2\/product_brand?post=2677"},{"taxonomy":"product_cat","embeddable":true,"href":"https:\/\/www.remingtonlatam.com\/te\/wp-json\/wp\/v2\/product_cat?post=2677"},{"taxonomy":"product_tag","embeddable":true,"href":"https:\/\/www.remingtonlatam.com\/te\/wp-json\/wp\/v2\/product_tag?post=2677"}],"curies":[{"name":"wp","href":"https:\/\/api.w.org\/{rel}","templated":true}]}}