{"id":7609,"date":"2025-04-29T13:04:07","date_gmt":"2025-04-29T13:04:07","guid":{"rendered":"https:\/\/www.remingtonlatam.com\/sv\/?post_type=product&#038;p=7609"},"modified":"2025-04-29T16:07:35","modified_gmt":"2025-04-29T16:07:35","slug":"kit-recortador-de-barba-remington-the-works","status":"publish","type":"product","link":"https:\/\/www.remingtonlatam.com\/sv\/producto\/hombre\/cuidado-masculino\/kits-todo-en-1\/kit-recortador-de-barba-remington-the-works\/","title":{"rendered":"Kit Recortador de Barba Remington The Works"},"content":{"rendered":"","protected":false},"excerpt":{"rendered":"<p><span data-sheets-root=\"1\">Te presentamos el nuevo Kit todo en 1, The Works, de Remington que cuenta con accesorios para barba, nariz y o\u00eddos: un recortador de barba con peine de diversas longitudes, un detallador de precisi\u00f3n y un recortador rotativo para nariz y o\u00eddos.<br \/>\nLa soluci\u00f3n ideal para tener total control sobre tu estilo.<\/span><\/p>\n","protected":false},"featured_media":7618,"comment_status":"open","ping_status":"closed","template":"","meta":{"_acf_changed":false},"product_brand":[],"product_cat":[60,58,65],"product_tag":[],"class_list":{"0":"post-7609","1":"product","2":"type-product","3":"status-publish","4":"has-post-thumbnail","6":"characteristics-cuchillas-de-acero-autoafilables","7":"characteristics-cuchillas-de-acero-inoxidable","8":"characteristics-cuchillas-autoafilables","9":"characteristics-funcion","10":"characteristics-hombre","11":"characteristics-kit-todo-en-uno","12":"characteristics-recargable","13":"characteristics-tecnologia-hombre","14":"characteristics-tipo-de-carga","15":"product_cat-cuidado-masculino","16":"product_cat-hombre","17":"product_cat-kits-todo-en-1","19":"first","20":"instock","21":"shipping-taxable","22":"product-type-simple"},"acf":[],"_links":{"self":[{"href":"https:\/\/www.remingtonlatam.com\/sv\/wp-json\/wp\/v2\/product\/7609","targetHints":{"allow":["GET"]}}],"collection":[{"href":"https:\/\/www.remingtonlatam.com\/sv\/wp-json\/wp\/v2\/product"}],"about":[{"href":"https:\/\/www.remingtonlatam.com\/sv\/wp-json\/wp\/v2\/types\/product"}],"replies":[{"embeddable":true,"href":"https:\/\/www.remingtonlatam.com\/sv\/wp-json\/wp\/v2\/comments?post=7609"}],"wp:featuredmedia":[{"embeddable":true,"href":"https:\/\/www.remingtonlatam.com\/sv\/wp-json\/wp\/v2\/media\/7618"}],"wp:attachment":[{"href":"https:\/\/www.remingtonlatam.com\/sv\/wp-json\/wp\/v2\/media?parent=7609"}],"wp:term":[{"taxonomy":"product_brand","embeddable":true,"href":"https:\/\/www.remingtonlatam.com\/sv\/wp-json\/wp\/v2\/product_brand?post=7609"},{"taxonomy":"product_cat","embeddable":true,"href":"https:\/\/www.remingtonlatam.com\/sv\/wp-json\/wp\/v2\/product_cat?post=7609"},{"taxonomy":"product_tag","embeddable":true,"href":"https:\/\/www.remingtonlatam.com\/sv\/wp-json\/wp\/v2\/product_tag?post=7609"}],"curies":[{"name":"wp","href":"https:\/\/api.w.org\/{rel}","templated":true}]}}