{"id":7596,"date":"2025-04-01T18:05:07","date_gmt":"2025-04-01T18:05:07","guid":{"rendered":"https:\/\/www.remingtonlatam.com\/sv\/?post_type=product&#038;p=7596"},"modified":"2025-04-01T18:13:09","modified_gmt":"2025-04-01T18:13:09","slug":"rizador-remington-pro-ceramic-38-mm","status":"publish","type":"product","link":"https:\/\/www.remingtonlatam.com\/sv\/producto\/mujer\/cuidado-del-cabello\/rizadores\/rizador-remington-pro-ceramic-38-mm\/","title":{"rendered":"Rizador Remington Pro Ceramic, 38 mm"},"content":{"rendered":"","protected":false},"excerpt":{"rendered":"<p>Descubre el rizador Pro-Ceramic de Remington! Su barril de cer\u00e1mica Ultra y 38 mm, con 5 veces m\u00e1s cer\u00e1mica*, ofrece una temperatura uniforme para rizos grandes y voluminosos. Con 30 niveles de temperatura hasta 200 \u00b0C, logra resultados r\u00e1pidos, duraderos y hermosos.<\/p>\n","protected":false},"featured_media":7592,"comment_status":"open","ping_status":"closed","template":"","meta":{"_acf_changed":false},"product_brand":[],"product_cat":[48,46,52],"product_tag":[],"class_list":{"0":"post-7596","1":"product","2":"type-product","3":"status-publish","4":"has-post-thumbnail","6":"characteristics-cabello-con-frizz","7":"characteristics-ceramica","8":"characteristics-estilo-de-peinado","9":"characteristics-mujer","10":"characteristics-onda-de-playa","11":"characteristics-ondas-de-playa","12":"characteristics-soluciones-para","13":"characteristics-tecnologia","14":"product_cat-cuidado-del-cabello","15":"product_cat-mujer","16":"product_cat-rizadores","18":"first","19":"instock","20":"shipping-taxable","21":"product-type-simple"},"acf":[],"_links":{"self":[{"href":"https:\/\/www.remingtonlatam.com\/sv\/wp-json\/wp\/v2\/product\/7596","targetHints":{"allow":["GET"]}}],"collection":[{"href":"https:\/\/www.remingtonlatam.com\/sv\/wp-json\/wp\/v2\/product"}],"about":[{"href":"https:\/\/www.remingtonlatam.com\/sv\/wp-json\/wp\/v2\/types\/product"}],"replies":[{"embeddable":true,"href":"https:\/\/www.remingtonlatam.com\/sv\/wp-json\/wp\/v2\/comments?post=7596"}],"wp:featuredmedia":[{"embeddable":true,"href":"https:\/\/www.remingtonlatam.com\/sv\/wp-json\/wp\/v2\/media\/7592"}],"wp:attachment":[{"href":"https:\/\/www.remingtonlatam.com\/sv\/wp-json\/wp\/v2\/media?parent=7596"}],"wp:term":[{"taxonomy":"product_brand","embeddable":true,"href":"https:\/\/www.remingtonlatam.com\/sv\/wp-json\/wp\/v2\/product_brand?post=7596"},{"taxonomy":"product_cat","embeddable":true,"href":"https:\/\/www.remingtonlatam.com\/sv\/wp-json\/wp\/v2\/product_cat?post=7596"},{"taxonomy":"product_tag","embeddable":true,"href":"https:\/\/www.remingtonlatam.com\/sv\/wp-json\/wp\/v2\/product_tag?post=7596"}],"curies":[{"name":"wp","href":"https:\/\/api.w.org\/{rel}","templated":true}]}}