{"id":7509,"date":"2025-01-27T20:54:29","date_gmt":"2025-01-27T20:54:29","guid":{"rendered":"https:\/\/www.remingtonlatam.com\/sv\/?post_type=product&#038;p=7509"},"modified":"2025-01-28T13:16:19","modified_gmt":"2025-01-28T13:16:19","slug":"secador-remington-style-essentials","status":"publish","type":"product","link":"https:\/\/www.remingtonlatam.com\/sv\/producto\/mujer\/cuidado-del-cabello\/secadores\/secador-remington-style-essentials\/","title":{"rendered":"Secador Remington Style Essentials"},"content":{"rendered":"","protected":false},"excerpt":{"rendered":"<p>Con una potencia de hasta 2000 W, una rejilla de cer\u00e1mica i\u00f3nica y un concentrador para secado r\u00e1pido, el nuevo secador de cabello Remington D3015 Style Essentials te permitir\u00e1 lucir un cabello radiante, brillante y sin frizz cada d\u00eda.<\/p>\n","protected":false},"featured_media":7513,"comment_status":"open","ping_status":"closed","template":"","meta":{"_acf_changed":false},"product_brand":[],"product_cat":[48,46,51],"product_tag":[],"class_list":{"0":"post-7509","1":"product","2":"type-product","3":"status-publish","4":"has-post-thumbnail","6":"collections-style-essentials","7":"characteristics-cabello-con-frizz","8":"characteristics-cabello-sin-brillo","9":"characteristics-cabello-sin-volumen","10":"characteristics-ceramica","11":"characteristics-estilo-de-peinado","12":"characteristics-liso-perfecto","13":"characteristics-mujer","14":"characteristics-rizos-definidos","15":"characteristics-soluciones-para","16":"characteristics-tecnologia","17":"characteristics-volumen-renovado","18":"product_cat-cuidado-del-cabello","19":"product_cat-mujer","20":"product_cat-secadores","22":"first","23":"instock","24":"shipping-taxable","25":"product-type-simple"},"acf":[],"_links":{"self":[{"href":"https:\/\/www.remingtonlatam.com\/sv\/wp-json\/wp\/v2\/product\/7509","targetHints":{"allow":["GET"]}}],"collection":[{"href":"https:\/\/www.remingtonlatam.com\/sv\/wp-json\/wp\/v2\/product"}],"about":[{"href":"https:\/\/www.remingtonlatam.com\/sv\/wp-json\/wp\/v2\/types\/product"}],"replies":[{"embeddable":true,"href":"https:\/\/www.remingtonlatam.com\/sv\/wp-json\/wp\/v2\/comments?post=7509"}],"wp:featuredmedia":[{"embeddable":true,"href":"https:\/\/www.remingtonlatam.com\/sv\/wp-json\/wp\/v2\/media\/7513"}],"wp:attachment":[{"href":"https:\/\/www.remingtonlatam.com\/sv\/wp-json\/wp\/v2\/media?parent=7509"}],"wp:term":[{"taxonomy":"product_brand","embeddable":true,"href":"https:\/\/www.remingtonlatam.com\/sv\/wp-json\/wp\/v2\/product_brand?post=7509"},{"taxonomy":"product_cat","embeddable":true,"href":"https:\/\/www.remingtonlatam.com\/sv\/wp-json\/wp\/v2\/product_cat?post=7509"},{"taxonomy":"product_tag","embeddable":true,"href":"https:\/\/www.remingtonlatam.com\/sv\/wp-json\/wp\/v2\/product_tag?post=7509"}],"curies":[{"name":"wp","href":"https:\/\/api.w.org\/{rel}","templated":true}]}}