{"id":7418,"date":"2024-11-04T15:35:42","date_gmt":"2024-11-04T15:35:42","guid":{"rendered":"https:\/\/www.remingtonlatam.com\/sv\/?post_type=product&#038;p=7418"},"modified":"2024-11-08T15:31:22","modified_gmt":"2024-11-08T15:31:22","slug":"afeitadora-rotativa-remington-style-series-r1","status":"publish","type":"product","link":"https:\/\/www.remingtonlatam.com\/sv\/producto\/hombre\/afeitadoras-hombre\/afeitadoras-rotativas\/afeitadora-rotativa-remington-style-series-r1\/","title":{"rendered":"Afeitadora Rotativa  Remington Style Series R1"},"content":{"rendered":"","protected":false},"excerpt":{"rendered":"<p>La afeitadora rotativa Remington Style Series R1 cuenta con cuchillas de acero inoxidable Dual Track para un m\u00e1ximo contacto con la piel, que proporciona un afeitado c\u00f3modo y resultados suaves. Si buscas un afeitado sin complicaciones y m\u00e1s eficiente, esta afeitadora rotativa es la ideal para ti.<\/p>\n","protected":false},"featured_media":7427,"comment_status":"open","ping_status":"closed","template":"","meta":{"_acf_changed":false},"product_brand":[],"product_cat":[59,62,58],"product_tag":[],"class_list":{"0":"post-7418","1":"product","2":"type-product","3":"status-publish","4":"has-post-thumbnail","6":"collections-indestructible","7":"characteristics-cuchillas-de-acero-inoxidable","8":"characteristics-cuchillas-de-acero-japones","9":"characteristics-funcion","10":"characteristics-recargable","11":"characteristics-rostro","12":"characteristics-tecnologia-hombre","13":"characteristics-tipo-de-carga","14":"product_cat-afeitadoras-hombre","15":"product_cat-afeitadoras-rotativas","16":"product_cat-hombre","18":"first","19":"instock","20":"shipping-taxable","21":"product-type-simple"},"acf":[],"_links":{"self":[{"href":"https:\/\/www.remingtonlatam.com\/sv\/wp-json\/wp\/v2\/product\/7418","targetHints":{"allow":["GET"]}}],"collection":[{"href":"https:\/\/www.remingtonlatam.com\/sv\/wp-json\/wp\/v2\/product"}],"about":[{"href":"https:\/\/www.remingtonlatam.com\/sv\/wp-json\/wp\/v2\/types\/product"}],"replies":[{"embeddable":true,"href":"https:\/\/www.remingtonlatam.com\/sv\/wp-json\/wp\/v2\/comments?post=7418"}],"wp:featuredmedia":[{"embeddable":true,"href":"https:\/\/www.remingtonlatam.com\/sv\/wp-json\/wp\/v2\/media\/7427"}],"wp:attachment":[{"href":"https:\/\/www.remingtonlatam.com\/sv\/wp-json\/wp\/v2\/media?parent=7418"}],"wp:term":[{"taxonomy":"product_brand","embeddable":true,"href":"https:\/\/www.remingtonlatam.com\/sv\/wp-json\/wp\/v2\/product_brand?post=7418"},{"taxonomy":"product_cat","embeddable":true,"href":"https:\/\/www.remingtonlatam.com\/sv\/wp-json\/wp\/v2\/product_cat?post=7418"},{"taxonomy":"product_tag","embeddable":true,"href":"https:\/\/www.remingtonlatam.com\/sv\/wp-json\/wp\/v2\/product_tag?post=7418"}],"curies":[{"name":"wp","href":"https:\/\/api.w.org\/{rel}","templated":true}]}}