{"id":7367,"date":"2024-09-04T13:10:08","date_gmt":"2024-09-04T13:10:08","guid":{"rendered":"https:\/\/www.remingtonlatam.com\/sv\/?post_type=product&#038;p=7367"},"modified":"2025-11-04T16:21:14","modified_gmt":"2025-11-04T16:21:14","slug":"cepillo-de-aire-y-multiestilizador-remington-sapphire-luxe","status":"publish","type":"product","link":"https:\/\/www.remingtonlatam.com\/sv\/producto\/mujer\/cuidado-del-cabello\/cepillos\/cepillo-de-aire-y-multiestilizador-remington-sapphire-luxe\/","title":{"rendered":"Cepillo de aire y multiestilizador Remington Sapphire Luxe"},"content":{"rendered":"","protected":false},"excerpt":{"rendered":"<p>Con su sofisticada combinaci\u00f3n de colores azul marino y detalles en champ\u00e1n, el cepillo de aire y multiestilizador Remington Sapphire Luxe es una declaraci\u00f3n de estilo. Posee tres accesorios para preparar, secar y estilizar tu cabello que te permiten crear peinados con facilidad, mientras que el revestimiento cer\u00e1mico avanzado infundido con zafiros reales garantiza un resultado suave y brillante.<\/p>\n","protected":false},"featured_media":7372,"comment_status":"open","ping_status":"closed","template":"","meta":{"_acf_changed":false},"product_brand":[],"product_cat":[53,48,204,46],"product_tag":[],"class_list":{"0":"post-7367","1":"product","2":"type-product","3":"status-publish","4":"has-post-thumbnail","6":"collections-sapphire-luxe","7":"characteristics-antiestatica","8":"characteristics-cabello-sin-brillo","9":"characteristics-cabello-sin-volumen","10":"characteristics-ceramica","11":"characteristics-estilo-de-peinado","12":"characteristics-liso-perfecto","13":"characteristics-mujer","14":"characteristics-ondas-de-playa","15":"characteristics-rizos","16":"characteristics-volumen-renovado","17":"product_cat-cepillos","18":"product_cat-cuidado-del-cabello","19":"product_cat-estilizadores","20":"product_cat-mujer","22":"first","23":"instock","24":"shipping-taxable","25":"product-type-simple"},"acf":[],"_links":{"self":[{"href":"https:\/\/www.remingtonlatam.com\/sv\/wp-json\/wp\/v2\/product\/7367","targetHints":{"allow":["GET"]}}],"collection":[{"href":"https:\/\/www.remingtonlatam.com\/sv\/wp-json\/wp\/v2\/product"}],"about":[{"href":"https:\/\/www.remingtonlatam.com\/sv\/wp-json\/wp\/v2\/types\/product"}],"replies":[{"embeddable":true,"href":"https:\/\/www.remingtonlatam.com\/sv\/wp-json\/wp\/v2\/comments?post=7367"}],"wp:featuredmedia":[{"embeddable":true,"href":"https:\/\/www.remingtonlatam.com\/sv\/wp-json\/wp\/v2\/media\/7372"}],"wp:attachment":[{"href":"https:\/\/www.remingtonlatam.com\/sv\/wp-json\/wp\/v2\/media?parent=7367"}],"wp:term":[{"taxonomy":"product_brand","embeddable":true,"href":"https:\/\/www.remingtonlatam.com\/sv\/wp-json\/wp\/v2\/product_brand?post=7367"},{"taxonomy":"product_cat","embeddable":true,"href":"https:\/\/www.remingtonlatam.com\/sv\/wp-json\/wp\/v2\/product_cat?post=7367"},{"taxonomy":"product_tag","embeddable":true,"href":"https:\/\/www.remingtonlatam.com\/sv\/wp-json\/wp\/v2\/product_tag?post=7367"}],"curies":[{"name":"wp","href":"https:\/\/api.w.org\/{rel}","templated":true}]}}