{"id":7352,"date":"2024-09-03T18:13:22","date_gmt":"2024-09-03T18:13:22","guid":{"rendered":"https:\/\/www.remingtonlatam.com\/sv\/?post_type=product&#038;p=7352"},"modified":"2024-12-10T16:46:07","modified_gmt":"2024-12-10T16:46:07","slug":"secador-remington-sapphire-luxe","status":"publish","type":"product","link":"https:\/\/www.remingtonlatam.com\/sv\/producto\/mujer\/cuidado-del-cabello\/secadores\/secador-remington-sapphire-luxe\/","title":{"rendered":"Secador Remington Sapphire Luxe"},"content":{"rendered":"","protected":false},"excerpt":{"rendered":"<p>Presentamos el nuevo secador de cabello Remington Sapphire Luxe. Dise\u00f1ado en lujoso azul marino con detalles en color champ\u00e1na, su rejilla est\u00e1 revestida de cer\u00e1mica avanzada infundida de zafiros reales. Adem\u00e1s, su tecnolog\u00eda de acondicionamiento i\u00f3nico reduce la est\u00e1tica y te brinda un secado suave, brillante y sin frizz.<\/p>\n","protected":false},"featured_media":7357,"comment_status":"open","ping_status":"closed","template":"","meta":{"_acf_changed":false},"product_brand":[],"product_cat":[48,46,51],"product_tag":[],"class_list":{"0":"post-7352","1":"product","2":"type-product","3":"status-publish","4":"has-post-thumbnail","6":"collections-sapphire-luxe","7":"characteristics-antiestatica","8":"characteristics-cabello-con-frizz","9":"characteristics-cabello-sin-brillo","10":"characteristics-cabello-sin-volumen","11":"characteristics-ceramica","12":"characteristics-estilo-de-peinado","13":"characteristics-liso-perfecto","14":"characteristics-mujer","15":"characteristics-rizos-definidos","16":"characteristics-soluciones-para","17":"characteristics-tecnologia","18":"characteristics-volumen-renovado","19":"product_cat-cuidado-del-cabello","20":"product_cat-mujer","21":"product_cat-secadores","23":"first","24":"instock","25":"shipping-taxable","26":"product-type-simple"},"acf":[],"_links":{"self":[{"href":"https:\/\/www.remingtonlatam.com\/sv\/wp-json\/wp\/v2\/product\/7352","targetHints":{"allow":["GET"]}}],"collection":[{"href":"https:\/\/www.remingtonlatam.com\/sv\/wp-json\/wp\/v2\/product"}],"about":[{"href":"https:\/\/www.remingtonlatam.com\/sv\/wp-json\/wp\/v2\/types\/product"}],"replies":[{"embeddable":true,"href":"https:\/\/www.remingtonlatam.com\/sv\/wp-json\/wp\/v2\/comments?post=7352"}],"wp:featuredmedia":[{"embeddable":true,"href":"https:\/\/www.remingtonlatam.com\/sv\/wp-json\/wp\/v2\/media\/7357"}],"wp:attachment":[{"href":"https:\/\/www.remingtonlatam.com\/sv\/wp-json\/wp\/v2\/media?parent=7352"}],"wp:term":[{"taxonomy":"product_brand","embeddable":true,"href":"https:\/\/www.remingtonlatam.com\/sv\/wp-json\/wp\/v2\/product_brand?post=7352"},{"taxonomy":"product_cat","embeddable":true,"href":"https:\/\/www.remingtonlatam.com\/sv\/wp-json\/wp\/v2\/product_cat?post=7352"},{"taxonomy":"product_tag","embeddable":true,"href":"https:\/\/www.remingtonlatam.com\/sv\/wp-json\/wp\/v2\/product_tag?post=7352"}],"curies":[{"name":"wp","href":"https:\/\/api.w.org\/{rel}","templated":true}]}}