{"id":7268,"date":"2024-03-26T17:21:06","date_gmt":"2024-03-26T17:21:06","guid":{"rendered":"https:\/\/www.remingtonlatam.com\/sv\/?post_type=product&#038;p=7268"},"modified":"2024-03-26T20:21:36","modified_gmt":"2024-03-26T20:21:36","slug":"plancha-alisadora-remington-almond-radiance","status":"publish","type":"product","link":"https:\/\/www.remingtonlatam.com\/sv\/producto\/mujer\/cuidado-del-cabello\/planchas-alisadoras\/plancha-alisadora-remington-almond-radiance\/","title":{"rendered":"Plancha Alisadora Remington Almond Radiance\u2122"},"content":{"rendered":"","protected":false},"excerpt":{"rendered":"<p>Obt\u00e9n resultados suaves y protegidos todos los d\u00edas con la plancha alisadora Almond Radiance. Sus placas est\u00e1n recubiertas de cer\u00e1mica avanzada con microacondicionador enriquecido con aceite de almendras, rico en oxidantes, combinados para un deslizamiento m\u00e1s suave mientras agrega brillo y reduce el frizz.<\/p>\n","protected":false},"featured_media":7269,"comment_status":"open","ping_status":"closed","template":"","meta":{"_acf_changed":false},"product_brand":[],"product_cat":[48,46,152],"product_tag":[],"class_list":{"0":"post-7268","1":"product","2":"type-product","3":"status-publish","4":"has-post-thumbnail","6":"collections-almond-radiance","7":"characteristics-cabello-con-frizz","8":"characteristics-estilo-de-peinado","9":"characteristics-liso-perfecto","10":"characteristics-mujer","11":"characteristics-ondas-de-playa","12":"characteristics-proteccion-y-cabello-sano","13":"characteristics-soluciones-para","14":"product_cat-cuidado-del-cabello","15":"product_cat-mujer","16":"product_cat-planchas-alisadoras","18":"first","19":"instock","20":"shipping-taxable","21":"product-type-simple"},"acf":[],"_links":{"self":[{"href":"https:\/\/www.remingtonlatam.com\/sv\/wp-json\/wp\/v2\/product\/7268","targetHints":{"allow":["GET"]}}],"collection":[{"href":"https:\/\/www.remingtonlatam.com\/sv\/wp-json\/wp\/v2\/product"}],"about":[{"href":"https:\/\/www.remingtonlatam.com\/sv\/wp-json\/wp\/v2\/types\/product"}],"replies":[{"embeddable":true,"href":"https:\/\/www.remingtonlatam.com\/sv\/wp-json\/wp\/v2\/comments?post=7268"}],"wp:featuredmedia":[{"embeddable":true,"href":"https:\/\/www.remingtonlatam.com\/sv\/wp-json\/wp\/v2\/media\/7269"}],"wp:attachment":[{"href":"https:\/\/www.remingtonlatam.com\/sv\/wp-json\/wp\/v2\/media?parent=7268"}],"wp:term":[{"taxonomy":"product_brand","embeddable":true,"href":"https:\/\/www.remingtonlatam.com\/sv\/wp-json\/wp\/v2\/product_brand?post=7268"},{"taxonomy":"product_cat","embeddable":true,"href":"https:\/\/www.remingtonlatam.com\/sv\/wp-json\/wp\/v2\/product_cat?post=7268"},{"taxonomy":"product_tag","embeddable":true,"href":"https:\/\/www.remingtonlatam.com\/sv\/wp-json\/wp\/v2\/product_tag?post=7268"}],"curies":[{"name":"wp","href":"https:\/\/api.w.org\/{rel}","templated":true}]}}