{"id":7199,"date":"2024-01-02T14:14:29","date_gmt":"2024-01-02T14:14:29","guid":{"rendered":"https:\/\/www.remingtonlatam.com\/sv\/?post_type=product&#038;p=7199"},"modified":"2024-01-02T14:16:12","modified_gmt":"2024-01-02T14:16:12","slug":"cepillo-de-aire-remington-wet2style-2-2","status":"publish","type":"product","link":"https:\/\/www.remingtonlatam.com\/sv\/producto\/mujer\/cuidado-del-cabello\/cepillos\/cepillo-de-aire-remington-wet2style-2-2\/","title":{"rendered":"Cepillo de aire Remington Wet2Style\u2122"},"content":{"rendered":"","protected":false},"excerpt":{"rendered":"<p>Ahora hay una manera segura estilizar tu cabello h\u00famedo con el cepillo de aire caliente Wet2Style. Este cepillo cuenta con un barril con ventilaci\u00f3n, recubierto con cer\u00e1mica y microacondicionadores antifrizz, que combina un poderoso flujo de aire con calor optimizado para secar y estilizar en un solo paso.<\/p>\n","protected":false},"featured_media":7204,"comment_status":"open","ping_status":"closed","template":"","meta":{"_acf_changed":false},"product_brand":[],"product_cat":[53,48,46],"product_tag":[],"class_list":{"0":"post-7199","1":"product","2":"type-product","3":"status-publish","4":"has-post-thumbnail","6":"collections-w2s","7":"characteristics-cabello-sin-brillo","8":"characteristics-estilo-de-peinado","9":"characteristics-mujer","10":"characteristics-volumen-renovado","11":"product_cat-cepillos","12":"product_cat-cuidado-del-cabello","13":"product_cat-mujer","15":"first","16":"instock","17":"shipping-taxable","18":"product-type-simple"},"acf":[],"_links":{"self":[{"href":"https:\/\/www.remingtonlatam.com\/sv\/wp-json\/wp\/v2\/product\/7199","targetHints":{"allow":["GET"]}}],"collection":[{"href":"https:\/\/www.remingtonlatam.com\/sv\/wp-json\/wp\/v2\/product"}],"about":[{"href":"https:\/\/www.remingtonlatam.com\/sv\/wp-json\/wp\/v2\/types\/product"}],"replies":[{"embeddable":true,"href":"https:\/\/www.remingtonlatam.com\/sv\/wp-json\/wp\/v2\/comments?post=7199"}],"wp:featuredmedia":[{"embeddable":true,"href":"https:\/\/www.remingtonlatam.com\/sv\/wp-json\/wp\/v2\/media\/7204"}],"wp:attachment":[{"href":"https:\/\/www.remingtonlatam.com\/sv\/wp-json\/wp\/v2\/media?parent=7199"}],"wp:term":[{"taxonomy":"product_brand","embeddable":true,"href":"https:\/\/www.remingtonlatam.com\/sv\/wp-json\/wp\/v2\/product_brand?post=7199"},{"taxonomy":"product_cat","embeddable":true,"href":"https:\/\/www.remingtonlatam.com\/sv\/wp-json\/wp\/v2\/product_cat?post=7199"},{"taxonomy":"product_tag","embeddable":true,"href":"https:\/\/www.remingtonlatam.com\/sv\/wp-json\/wp\/v2\/product_tag?post=7199"}],"curies":[{"name":"wp","href":"https:\/\/api.w.org\/{rel}","templated":true}]}}