{"id":7124,"date":"2023-11-03T20:32:01","date_gmt":"2023-11-03T20:32:01","guid":{"rendered":"https:\/\/www.remingtonlatam.com\/sv\/?post_type=product&#038;p=7124"},"modified":"2024-04-08T16:08:08","modified_gmt":"2024-04-08T16:08:08","slug":"secador-remington-almond-radiance","status":"publish","type":"product","link":"https:\/\/www.remingtonlatam.com\/sv\/producto\/mujer\/cuidado-del-cabello\/secadores\/secador-remington-almond-radiance\/","title":{"rendered":"Secador Remington Almond Radiance\u2122"},"content":{"rendered":"","protected":false},"excerpt":{"rendered":"<p>Obt\u00e9n looks suaves y protegidos todos los d\u00edas. El secador de cabello Almond Radiance es ideal para incrementar el brillo y reducir el frizz del cabello, dej\u00e1ndolo sin residuos grasos. Su rejilla est\u00e1 recubierta de cer\u00e1mica avanzada enriquecida con aceite de almendras, rico en antioxidantes.<\/p>\n","protected":false},"featured_media":7129,"comment_status":"open","ping_status":"closed","template":"","meta":{"_acf_changed":false},"product_brand":[],"product_cat":[48,46,51],"product_tag":[],"class_list":{"0":"post-7124","1":"product","2":"type-product","3":"status-publish","4":"has-post-thumbnail","6":"collections-almond-radiance","7":"characteristics-cabello-con-frizz","8":"characteristics-cabello-maltratado","9":"characteristics-cabello-sin-volumen","10":"characteristics-ceramica","11":"characteristics-estilo-de-peinado","12":"characteristics-mujer","13":"characteristics-soluciones-para","14":"characteristics-soluciones-para-cabello-maltratado","15":"characteristics-tecnologia","16":"characteristics-volumen-renovado","17":"product_cat-cuidado-del-cabello","18":"product_cat-mujer","19":"product_cat-secadores","21":"first","22":"instock","23":"shipping-taxable","24":"product-type-simple"},"acf":[],"_links":{"self":[{"href":"https:\/\/www.remingtonlatam.com\/sv\/wp-json\/wp\/v2\/product\/7124","targetHints":{"allow":["GET"]}}],"collection":[{"href":"https:\/\/www.remingtonlatam.com\/sv\/wp-json\/wp\/v2\/product"}],"about":[{"href":"https:\/\/www.remingtonlatam.com\/sv\/wp-json\/wp\/v2\/types\/product"}],"replies":[{"embeddable":true,"href":"https:\/\/www.remingtonlatam.com\/sv\/wp-json\/wp\/v2\/comments?post=7124"}],"wp:featuredmedia":[{"embeddable":true,"href":"https:\/\/www.remingtonlatam.com\/sv\/wp-json\/wp\/v2\/media\/7129"}],"wp:attachment":[{"href":"https:\/\/www.remingtonlatam.com\/sv\/wp-json\/wp\/v2\/media?parent=7124"}],"wp:term":[{"taxonomy":"product_brand","embeddable":true,"href":"https:\/\/www.remingtonlatam.com\/sv\/wp-json\/wp\/v2\/product_brand?post=7124"},{"taxonomy":"product_cat","embeddable":true,"href":"https:\/\/www.remingtonlatam.com\/sv\/wp-json\/wp\/v2\/product_cat?post=7124"},{"taxonomy":"product_tag","embeddable":true,"href":"https:\/\/www.remingtonlatam.com\/sv\/wp-json\/wp\/v2\/product_tag?post=7124"}],"curies":[{"name":"wp","href":"https:\/\/api.w.org\/{rel}","templated":true}]}}