{"id":6537,"date":"2021-03-16T17:45:34","date_gmt":"2021-03-16T17:45:34","guid":{"rendered":"https:\/\/www.remingtonlatam.com\/sv\/producto\/sin categor\u00eda\/recortadora-de-barba-remington-t-series\/"},"modified":"2021-03-16T17:45:59","modified_gmt":"2021-03-16T17:45:59","slug":"recortadora-de-barba-remington-t-series","status":"publish","type":"product","link":"https:\/\/www.remingtonlatam.com\/sv\/producto\/hombre\/cuidado-masculino\/recortadoras-de-barba\/recortadora-de-barba-remington-t-series\/","title":{"rendered":"Recortadora de Barba Remington T-Series"},"content":{"rendered":"","protected":false},"excerpt":{"rendered":"<p>Si buscas definir con precisi\u00f3n los bordes, perfilar, recortar la barba, el cuello y la l\u00ednea del cabello, la recortadora de barba Precisi\u00f3n T-Series es para ti. Su dise\u00f1o innovador mejora la visibilidad, la cuchilla reversible en forma de T corta con precisi\u00f3n y te da un control total en todo momento. <\/p>\n","protected":false},"featured_media":6541,"comment_status":"open","ping_status":"closed","template":"","meta":{"_acf_changed":false},"product_brand":[],"product_cat":[60,58,64],"product_tag":[],"class_list":{"0":"post-6537","1":"product","2":"type-product","3":"status-publish","4":"has-post-thumbnail","6":"collections-t-series","7":"characteristics-recargable","8":"characteristics-rostro","9":"characteristics-titanio","10":"product_cat-cuidado-masculino","11":"product_cat-hombre","12":"product_cat-recortadoras-de-barba","14":"first","15":"instock","16":"shipping-taxable","17":"product-type-simple"},"acf":[],"_links":{"self":[{"href":"https:\/\/www.remingtonlatam.com\/sv\/wp-json\/wp\/v2\/product\/6537","targetHints":{"allow":["GET"]}}],"collection":[{"href":"https:\/\/www.remingtonlatam.com\/sv\/wp-json\/wp\/v2\/product"}],"about":[{"href":"https:\/\/www.remingtonlatam.com\/sv\/wp-json\/wp\/v2\/types\/product"}],"replies":[{"embeddable":true,"href":"https:\/\/www.remingtonlatam.com\/sv\/wp-json\/wp\/v2\/comments?post=6537"}],"wp:featuredmedia":[{"embeddable":true,"href":"https:\/\/www.remingtonlatam.com\/sv\/wp-json\/wp\/v2\/media\/6541"}],"wp:attachment":[{"href":"https:\/\/www.remingtonlatam.com\/sv\/wp-json\/wp\/v2\/media?parent=6537"}],"wp:term":[{"taxonomy":"product_brand","embeddable":true,"href":"https:\/\/www.remingtonlatam.com\/sv\/wp-json\/wp\/v2\/product_brand?post=6537"},{"taxonomy":"product_cat","embeddable":true,"href":"https:\/\/www.remingtonlatam.com\/sv\/wp-json\/wp\/v2\/product_cat?post=6537"},{"taxonomy":"product_tag","embeddable":true,"href":"https:\/\/www.remingtonlatam.com\/sv\/wp-json\/wp\/v2\/product_tag?post=6537"}],"curies":[{"name":"wp","href":"https:\/\/api.w.org\/{rel}","templated":true}]}}