{"id":5063,"date":"2020-05-20T03:45:20","date_gmt":"2020-05-20T03:45:20","guid":{"rendered":"https:\/\/www.remingtonlatam.com\/sv\/producto\/sincategorizar\/rizador-remington-con-clip-prothermaluxe\/"},"modified":"2020-06-19T00:05:02","modified_gmt":"2020-06-19T00:05:02","slug":"rizador-remington-con-clip-prothermaluxe","status":"publish","type":"product","link":"https:\/\/www.remingtonlatam.com\/sv\/producto\/mujer\/cuidado-del-cabello\/rizadores\/rizador-remington-con-clip-prothermaluxe\/","title":{"rendered":"Rizador Remington con clip ProThermaLuxe"},"content":{"rendered":"","protected":false},"excerpt":{"rendered":"<p>\u00a1Rizos perfectos por 24horas, para un estilo de vida 24\/7! Gracias al <b>rizador de cabello<\/b> ProThermaLuxe con OPTIheat ( Tecnolog\u00eda T\u00e9rmica Avanzada). El rizador consta de sensores avanzados \u00fanicos que mantienen el calor constante en el cabello lo cual te permite darle tu forma preferida dej\u00e1ndolo siempre saludable y sin frizz por 24 horas. <\/p>\n","protected":false},"featured_media":5067,"comment_status":"open","ping_status":"closed","template":"","meta":{"_acf_changed":false},"product_brand":[],"product_cat":[48,46,52],"product_tag":[],"class_list":{"0":"post-5063","1":"product","2":"type-product","3":"status-publish","4":"has-post-thumbnail","6":"collections-prothermaluxe","7":"characteristics-cabello-maltratado","8":"characteristics-cabello-sin-brillo","9":"characteristics-ondas-de-playa","10":"characteristics-rizos-definidos","11":"product_cat-cuidado-del-cabello","12":"product_cat-mujer","13":"product_cat-rizadores","15":"first","16":"instock","17":"shipping-taxable","18":"product-type-simple"},"acf":[],"_links":{"self":[{"href":"https:\/\/www.remingtonlatam.com\/sv\/wp-json\/wp\/v2\/product\/5063","targetHints":{"allow":["GET"]}}],"collection":[{"href":"https:\/\/www.remingtonlatam.com\/sv\/wp-json\/wp\/v2\/product"}],"about":[{"href":"https:\/\/www.remingtonlatam.com\/sv\/wp-json\/wp\/v2\/types\/product"}],"replies":[{"embeddable":true,"href":"https:\/\/www.remingtonlatam.com\/sv\/wp-json\/wp\/v2\/comments?post=5063"}],"wp:featuredmedia":[{"embeddable":true,"href":"https:\/\/www.remingtonlatam.com\/sv\/wp-json\/wp\/v2\/media\/5067"}],"wp:attachment":[{"href":"https:\/\/www.remingtonlatam.com\/sv\/wp-json\/wp\/v2\/media?parent=5063"}],"wp:term":[{"taxonomy":"product_brand","embeddable":true,"href":"https:\/\/www.remingtonlatam.com\/sv\/wp-json\/wp\/v2\/product_brand?post=5063"},{"taxonomy":"product_cat","embeddable":true,"href":"https:\/\/www.remingtonlatam.com\/sv\/wp-json\/wp\/v2\/product_cat?post=5063"},{"taxonomy":"product_tag","embeddable":true,"href":"https:\/\/www.remingtonlatam.com\/sv\/wp-json\/wp\/v2\/product_tag?post=5063"}],"curies":[{"name":"wp","href":"https:\/\/api.w.org\/{rel}","templated":true}]}}