{"id":3243,"date":"2019-12-12T16:04:15","date_gmt":"2019-12-12T16:04:15","guid":{"rendered":"http:\/\/remingtonla-stage.us-east-1.elasticbeanstalk.com\/sv\/producto\/plancha-alisadora-remington-con-turmalina-y-antiestatica\/"},"modified":"2020-05-21T02:38:22","modified_gmt":"2020-05-21T02:38:22","slug":"plancha-alisadora-remington-con-turmalina-y-antiestatica","status":"publish","type":"product","link":"https:\/\/www.remingtonlatam.com\/sv\/producto\/mujer\/cuidado-del-cabello\/planchas-alisadoras\/plancha-alisadora-remington-con-turmalina-y-antiestatica\/","title":{"rendered":"Plancha Alisadora Remington con Turmalina y Antiest\u00e1tica"},"content":{"rendered":"","protected":false},"excerpt":{"rendered":"<p>Con turmalina y cer\u00e1mica&#8230; \u00a1Tu cabello brillar\u00e1 como un diamante! La tecnolog\u00eda antiest\u00e1tica de la <b>plancha para cabello Diamond Ceramic Shine<\/b> de Remington te ayudar\u00e1 a reducir el frizz y tener m\u00e1s control sobre tu estilo. <\/p>\n","protected":false},"featured_media":3247,"comment_status":"open","ping_status":"closed","template":"","meta":{"_acf_changed":false},"product_brand":[],"product_cat":[48,46,152],"product_tag":[],"class_list":{"0":"post-3243","1":"product","2":"type-product","3":"status-publish","4":"has-post-thumbnail","6":"characteristics-antiestatica","7":"characteristics-cabello-con-frizz","8":"characteristics-cabello-maltratado","9":"characteristics-cabello-sin-brillo","10":"characteristics-ceramica","11":"characteristics-liso-perfecto","12":"characteristics-turmalina","13":"product_cat-cuidado-del-cabello","14":"product_cat-mujer","15":"product_cat-planchas-alisadoras","17":"first","18":"instock","19":"featured","20":"shipping-taxable","21":"product-type-simple"},"acf":[],"_links":{"self":[{"href":"https:\/\/www.remingtonlatam.com\/sv\/wp-json\/wp\/v2\/product\/3243","targetHints":{"allow":["GET"]}}],"collection":[{"href":"https:\/\/www.remingtonlatam.com\/sv\/wp-json\/wp\/v2\/product"}],"about":[{"href":"https:\/\/www.remingtonlatam.com\/sv\/wp-json\/wp\/v2\/types\/product"}],"replies":[{"embeddable":true,"href":"https:\/\/www.remingtonlatam.com\/sv\/wp-json\/wp\/v2\/comments?post=3243"}],"wp:featuredmedia":[{"embeddable":true,"href":"https:\/\/www.remingtonlatam.com\/sv\/wp-json\/wp\/v2\/media\/3247"}],"wp:attachment":[{"href":"https:\/\/www.remingtonlatam.com\/sv\/wp-json\/wp\/v2\/media?parent=3243"}],"wp:term":[{"taxonomy":"product_brand","embeddable":true,"href":"https:\/\/www.remingtonlatam.com\/sv\/wp-json\/wp\/v2\/product_brand?post=3243"},{"taxonomy":"product_cat","embeddable":true,"href":"https:\/\/www.remingtonlatam.com\/sv\/wp-json\/wp\/v2\/product_cat?post=3243"},{"taxonomy":"product_tag","embeddable":true,"href":"https:\/\/www.remingtonlatam.com\/sv\/wp-json\/wp\/v2\/product_tag?post=3243"}],"curies":[{"name":"wp","href":"https:\/\/api.w.org\/{rel}","templated":true}]}}