{"id":2523,"date":"2019-12-10T06:25:34","date_gmt":"2019-12-10T06:25:34","guid":{"rendered":"http:\/\/remingtonla-stage.us-east-1.elasticbeanstalk.com\/sv\/producto\/rizador-remington-prothermaluxe\/"},"modified":"2022-08-05T21:59:35","modified_gmt":"2022-08-05T21:59:35","slug":"rizador-remington-prothermaluxe","status":"publish","type":"product","link":"https:\/\/www.remingtonlatam.com\/sv\/producto\/mujer\/cuidado-del-cabello\/rizadores\/rizador-remington-prothermaluxe\/","title":{"rendered":"Rizador Remington ProThermaLuxe"},"content":{"rendered":"","protected":false},"excerpt":{"rendered":"<p>\u00a1Rizos perfectos por 24horas, para un estilo de vida 24\/7! Gracias al <b>rizador de cabello<\/b> ProThermaLuxe con OPTIheat ( Tecnolog\u00eda T\u00e9rmica Avanzada). El rizador consta de sensores avanzados \u00fanicos que mantienen el calor constante en el cabello lo cual te permite darle tu forma preferida dej\u00e1ndolo siempre saludable y sin frizz por 24 horas.<\/p>\n","protected":false},"featured_media":2525,"comment_status":"open","ping_status":"closed","template":"","meta":{"_acf_changed":false},"product_brand":[],"product_cat":[48,46,52],"product_tag":[],"class_list":{"0":"post-2523","1":"product","2":"type-product","3":"status-publish","4":"has-post-thumbnail","6":"collections-prothermaluxe","7":"characteristics-cabello-maltratado","8":"characteristics-cabello-sin-brillo","9":"characteristics-ondas-de-playa","10":"characteristics-optiheat","11":"characteristics-rizos-definidos","12":"product_cat-cuidado-del-cabello","13":"product_cat-mujer","14":"product_cat-rizadores","16":"first","17":"instock","18":"shipping-taxable","19":"product-type-simple"},"acf":[],"_links":{"self":[{"href":"https:\/\/www.remingtonlatam.com\/sv\/wp-json\/wp\/v2\/product\/2523","targetHints":{"allow":["GET"]}}],"collection":[{"href":"https:\/\/www.remingtonlatam.com\/sv\/wp-json\/wp\/v2\/product"}],"about":[{"href":"https:\/\/www.remingtonlatam.com\/sv\/wp-json\/wp\/v2\/types\/product"}],"replies":[{"embeddable":true,"href":"https:\/\/www.remingtonlatam.com\/sv\/wp-json\/wp\/v2\/comments?post=2523"}],"wp:featuredmedia":[{"embeddable":true,"href":"https:\/\/www.remingtonlatam.com\/sv\/wp-json\/wp\/v2\/media\/2525"}],"wp:attachment":[{"href":"https:\/\/www.remingtonlatam.com\/sv\/wp-json\/wp\/v2\/media?parent=2523"}],"wp:term":[{"taxonomy":"product_brand","embeddable":true,"href":"https:\/\/www.remingtonlatam.com\/sv\/wp-json\/wp\/v2\/product_brand?post=2523"},{"taxonomy":"product_cat","embeddable":true,"href":"https:\/\/www.remingtonlatam.com\/sv\/wp-json\/wp\/v2\/product_cat?post=2523"},{"taxonomy":"product_tag","embeddable":true,"href":"https:\/\/www.remingtonlatam.com\/sv\/wp-json\/wp\/v2\/product_tag?post=2523"}],"curies":[{"name":"wp","href":"https:\/\/api.w.org\/{rel}","templated":true}]}}