{"id":2383,"date":"2019-12-10T02:31:16","date_gmt":"2019-12-10T02:31:16","guid":{"rendered":"http:\/\/remingtonla-stage.us-east-1.elasticbeanstalk.com\/sv\/producto\/secador-remington-prothermaluxe\/"},"modified":"2026-03-27T15:56:09","modified_gmt":"2026-03-27T15:56:09","slug":"secador-remington-prothermaluxe","status":"publish","type":"product","link":"https:\/\/www.remingtonlatam.com\/sv\/producto\/mujer\/cuidado-del-cabello\/secadores\/secador-remington-prothermaluxe\/","title":{"rendered":"Secador Remington ProThermaLuxe"},"content":{"rendered":"","protected":false},"excerpt":{"rendered":"<p>\u00a1Cabello perfecto por 24horas, para un estilo de vida 24\/7!<br \/>\nGracias al <b>Secador OPTIheat<\/b> con Tecnolog\u00eda T\u00e9rmica Avanzada de Remington. Este secador consta de sensores avanzados \u00fanicos que mantienen el calor constante en el cabello lo cual permite darle su forma preferida dej\u00e1ndolo siempre saludable y sin frizz por 24 horas.<\/p>\n","protected":false},"featured_media":2385,"comment_status":"open","ping_status":"closed","template":"","meta":{"_acf_changed":false},"product_brand":[],"product_cat":[48,46,51],"product_tag":[],"class_list":{"0":"post-2383","1":"product","2":"type-product","3":"status-publish","4":"has-post-thumbnail","6":"collections-prothermaluxe","7":"characteristics-cabello-maltratado","8":"characteristics-cabello-sin-brillo","9":"characteristics-optiheat","10":"characteristics-volumen-renovado","11":"product_cat-cuidado-del-cabello","12":"product_cat-mujer","13":"product_cat-secadores","15":"first","16":"instock","17":"shipping-taxable","18":"product-type-simple"},"acf":[],"_links":{"self":[{"href":"https:\/\/www.remingtonlatam.com\/sv\/wp-json\/wp\/v2\/product\/2383","targetHints":{"allow":["GET"]}}],"collection":[{"href":"https:\/\/www.remingtonlatam.com\/sv\/wp-json\/wp\/v2\/product"}],"about":[{"href":"https:\/\/www.remingtonlatam.com\/sv\/wp-json\/wp\/v2\/types\/product"}],"replies":[{"embeddable":true,"href":"https:\/\/www.remingtonlatam.com\/sv\/wp-json\/wp\/v2\/comments?post=2383"}],"wp:featuredmedia":[{"embeddable":true,"href":"https:\/\/www.remingtonlatam.com\/sv\/wp-json\/wp\/v2\/media\/2385"}],"wp:attachment":[{"href":"https:\/\/www.remingtonlatam.com\/sv\/wp-json\/wp\/v2\/media?parent=2383"}],"wp:term":[{"taxonomy":"product_brand","embeddable":true,"href":"https:\/\/www.remingtonlatam.com\/sv\/wp-json\/wp\/v2\/product_brand?post=2383"},{"taxonomy":"product_cat","embeddable":true,"href":"https:\/\/www.remingtonlatam.com\/sv\/wp-json\/wp\/v2\/product_cat?post=2383"},{"taxonomy":"product_tag","embeddable":true,"href":"https:\/\/www.remingtonlatam.com\/sv\/wp-json\/wp\/v2\/product_tag?post=2383"}],"curies":[{"name":"wp","href":"https:\/\/api.w.org\/{rel}","templated":true}]}}