{"id":7052,"date":"2023-12-20T13:58:30","date_gmt":"2023-12-20T13:58:30","guid":{"rendered":"https:\/\/www.remingtonlatam.com\/py\/?post_type=product&#038;p=7052"},"modified":"2025-11-04T17:23:52","modified_gmt":"2025-11-04T17:23:52","slug":"estilizador-remington-shine-therapy-3-en-1","status":"publish","type":"product","link":"https:\/\/www.remingtonlatam.com\/py\/producto\/mujer\/cuidado-del-cabello\/rizadores\/estilizador-remington-shine-therapy-3-en-1\/","title":{"rendered":"Estilizador Remington Shine Therapy 3 en 1"},"content":{"rendered":"","protected":false},"excerpt":{"rendered":"<p>Con el <b>estilizador Shine Therapy 3 en 1<\/b> obtendr\u00e1s \u00a1Confianza total! Mitad alisador, mitad rizador, se convertir\u00e1 en tu mejor aliado para conseguir estilos atractivos. Si te decides por unas ondas o por unos rizos de impacto, su funci\u00f3n de rizador de cabello te lo dar\u00e1; pero si lo que quieres es un peinado liso y elegante podr\u00e1s poner a prueba su desempe\u00f1o como plancha de cabello.<\/p>\n","protected":false},"featured_media":7123,"comment_status":"open","ping_status":"closed","template":"","meta":{"_acf_changed":false},"product_brand":[],"product_cat":[48,202,46,152,52],"product_tag":[],"class_list":{"0":"post-7052","1":"product","2":"type-product","3":"status-publish","4":"has-post-thumbnail","6":"collections-shine-therapy","7":"characteristics-aguacate-y-macadamia","8":"characteristics-cabello-maltratado","9":"characteristics-cabello-sin-brillo","10":"characteristics-cabello-sin-volumen","11":"characteristics-cabello-tenido","12":"characteristics-ceramica","13":"characteristics-coco-y-filtro-uv","14":"characteristics-estilo-de-peinado","15":"characteristics-liso-perfecto","16":"characteristics-mujer","17":"characteristics-ondas-de-playa","18":"characteristics-soluciones-para","19":"characteristics-volumen-renovado","20":"product_cat-cuidado-del-cabello","21":"product_cat-estilizadores","22":"product_cat-mujer","23":"product_cat-planchas-alisadoras","24":"product_cat-rizadores","26":"first","27":"instock","28":"shipping-taxable","29":"product-type-simple"},"acf":[],"_links":{"self":[{"href":"https:\/\/www.remingtonlatam.com\/py\/wp-json\/wp\/v2\/product\/7052","targetHints":{"allow":["GET"]}}],"collection":[{"href":"https:\/\/www.remingtonlatam.com\/py\/wp-json\/wp\/v2\/product"}],"about":[{"href":"https:\/\/www.remingtonlatam.com\/py\/wp-json\/wp\/v2\/types\/product"}],"replies":[{"embeddable":true,"href":"https:\/\/www.remingtonlatam.com\/py\/wp-json\/wp\/v2\/comments?post=7052"}],"wp:featuredmedia":[{"embeddable":true,"href":"https:\/\/www.remingtonlatam.com\/py\/wp-json\/wp\/v2\/media\/7123"}],"wp:attachment":[{"href":"https:\/\/www.remingtonlatam.com\/py\/wp-json\/wp\/v2\/media?parent=7052"}],"wp:term":[{"taxonomy":"product_brand","embeddable":true,"href":"https:\/\/www.remingtonlatam.com\/py\/wp-json\/wp\/v2\/product_brand?post=7052"},{"taxonomy":"product_cat","embeddable":true,"href":"https:\/\/www.remingtonlatam.com\/py\/wp-json\/wp\/v2\/product_cat?post=7052"},{"taxonomy":"product_tag","embeddable":true,"href":"https:\/\/www.remingtonlatam.com\/py\/wp-json\/wp\/v2\/product_tag?post=7052"}],"curies":[{"name":"wp","href":"https:\/\/api.w.org\/{rel}","templated":true}]}}