{"id":5101,"date":"2020-08-07T17:32:26","date_gmt":"2020-08-07T17:32:26","guid":{"rendered":"https:\/\/www.remingtonlatam.com\/py\/producto\/sincategorizar\/plancha-alisadora-remington-pro-ion\/"},"modified":"2022-03-15T14:54:39","modified_gmt":"2022-03-15T14:54:39","slug":"plancha-alisadora-remington-pro-ion","status":"publish","type":"product","link":"https:\/\/www.remingtonlatam.com\/py\/producto\/mujer\/cuidado-del-cabello\/planchas-alisadoras\/plancha-alisadora-remington-pro-ion\/","title":{"rendered":"Plancha Alisadora Remington Pro-Ion"},"content":{"rendered":"","protected":false},"excerpt":{"rendered":"<p>La <b>plancha de cabello Pro-Ion<\/b> de Remington te ayudar\u00e1 a crear peinados absolutamente lisos y brillantes, libres de frizz y est\u00e1tica gracias a la tecnolog\u00eda i\u00f3nica triple que genera iones negativos que envuelven el cabello de la ra\u00edz a la punta.<\/p>\n","protected":false},"featured_media":5106,"comment_status":"open","ping_status":"closed","template":"","meta":{"_acf_changed":false},"product_brand":[],"product_cat":[48,46,152],"product_tag":[],"class_list":{"0":"post-5101","1":"product","2":"type-product","3":"status-publish","4":"has-post-thumbnail","6":"characteristics-cabello-con-frizz","7":"characteristics-cabello-maltratado","8":"characteristics-ceramica","9":"characteristics-iones","10":"characteristics-liso-perfecto","11":"characteristics-turmalina","12":"product_cat-cuidado-del-cabello","13":"product_cat-mujer","14":"product_cat-planchas-alisadoras","16":"first","17":"instock","18":"shipping-taxable","19":"product-type-simple"},"acf":[],"_links":{"self":[{"href":"https:\/\/www.remingtonlatam.com\/py\/wp-json\/wp\/v2\/product\/5101","targetHints":{"allow":["GET"]}}],"collection":[{"href":"https:\/\/www.remingtonlatam.com\/py\/wp-json\/wp\/v2\/product"}],"about":[{"href":"https:\/\/www.remingtonlatam.com\/py\/wp-json\/wp\/v2\/types\/product"}],"replies":[{"embeddable":true,"href":"https:\/\/www.remingtonlatam.com\/py\/wp-json\/wp\/v2\/comments?post=5101"}],"wp:featuredmedia":[{"embeddable":true,"href":"https:\/\/www.remingtonlatam.com\/py\/wp-json\/wp\/v2\/media\/5106"}],"wp:attachment":[{"href":"https:\/\/www.remingtonlatam.com\/py\/wp-json\/wp\/v2\/media?parent=5101"}],"wp:term":[{"taxonomy":"product_brand","embeddable":true,"href":"https:\/\/www.remingtonlatam.com\/py\/wp-json\/wp\/v2\/product_brand?post=5101"},{"taxonomy":"product_cat","embeddable":true,"href":"https:\/\/www.remingtonlatam.com\/py\/wp-json\/wp\/v2\/product_cat?post=5101"},{"taxonomy":"product_tag","embeddable":true,"href":"https:\/\/www.remingtonlatam.com\/py\/wp-json\/wp\/v2\/product_tag?post=5101"}],"curies":[{"name":"wp","href":"https:\/\/api.w.org\/{rel}","templated":true}]}}