{"id":5080,"date":"2020-08-07T17:32:19","date_gmt":"2020-08-07T17:32:19","guid":{"rendered":"https:\/\/www.remingtonlatam.com\/py\/producto\/sincategorizar\/import-placeholder-for-xr1430\/"},"modified":"2022-03-15T16:24:18","modified_gmt":"2022-03-15T16:24:18","slug":"afeitadora-rotativa-remington-hyperflex-aqua","status":"publish","type":"product","link":"https:\/\/www.remingtonlatam.com\/py\/producto\/hombre\/afeitadoras-hombre\/afeitadoras-rotativas\/afeitadora-rotativa-remington-hyperflex-aqua\/","title":{"rendered":"Afeitadora Rotativa Remington Hyperflex Aqua"},"content":{"rendered":"","protected":false},"excerpt":{"rendered":"<p>HyperFlex Aqua es una <b>afeitadora<\/b> rotativa dotada de nuestra mejor tecnolog\u00eda de afeitado. Fue dise\u00f1ada para ser impecable con la barba pero delicada en los contornos. Sus cuchillas Comfort Float, sumadas a la tecnolog\u00eda HyperFlex de su cabezal proporcionan un afeitado suave y agradable.<\/p>\n","protected":false},"featured_media":5190,"comment_status":"open","ping_status":"closed","template":"","meta":{"_acf_changed":false},"product_brand":[],"product_cat":[59,62,58],"product_tag":[],"class_list":{"0":"post-5080","1":"product","2":"type-product","3":"status-publish","4":"has-post-thumbnail","6":"characteristics-hojillas-flexibles","7":"characteristics-hyperflex","8":"characteristics-recargable-100-a-prueba-de-agua","9":"characteristics-rostro","10":"product_cat-afeitadoras-hombre","11":"product_cat-afeitadoras-rotativas","12":"product_cat-hombre","14":"first","15":"instock","16":"shipping-taxable","17":"product-type-simple"},"acf":[],"_links":{"self":[{"href":"https:\/\/www.remingtonlatam.com\/py\/wp-json\/wp\/v2\/product\/5080","targetHints":{"allow":["GET"]}}],"collection":[{"href":"https:\/\/www.remingtonlatam.com\/py\/wp-json\/wp\/v2\/product"}],"about":[{"href":"https:\/\/www.remingtonlatam.com\/py\/wp-json\/wp\/v2\/types\/product"}],"replies":[{"embeddable":true,"href":"https:\/\/www.remingtonlatam.com\/py\/wp-json\/wp\/v2\/comments?post=5080"}],"wp:featuredmedia":[{"embeddable":true,"href":"https:\/\/www.remingtonlatam.com\/py\/wp-json\/wp\/v2\/media\/5190"}],"wp:attachment":[{"href":"https:\/\/www.remingtonlatam.com\/py\/wp-json\/wp\/v2\/media?parent=5080"}],"wp:term":[{"taxonomy":"product_brand","embeddable":true,"href":"https:\/\/www.remingtonlatam.com\/py\/wp-json\/wp\/v2\/product_brand?post=5080"},{"taxonomy":"product_cat","embeddable":true,"href":"https:\/\/www.remingtonlatam.com\/py\/wp-json\/wp\/v2\/product_cat?post=5080"},{"taxonomy":"product_tag","embeddable":true,"href":"https:\/\/www.remingtonlatam.com\/py\/wp-json\/wp\/v2\/product_tag?post=5080"}],"curies":[{"name":"wp","href":"https:\/\/api.w.org\/{rel}","templated":true}]}}