{"id":3359,"date":"2019-12-12T16:06:26","date_gmt":"2019-12-12T16:06:26","guid":{"rendered":"http:\/\/remingtonla-stage.us-east-1.elasticbeanstalk.com\/py\/producto\/plancha-alisadora-remington-keratin-therapy\/"},"modified":"2021-07-22T21:18:50","modified_gmt":"2021-07-22T21:18:50","slug":"plancha-alisadora-remington-keratin-therapy","status":"publish","type":"product","link":"https:\/\/www.remingtonlatam.com\/py\/producto\/mujer\/cuidado-del-cabello\/planchas-alisadoras\/plancha-alisadora-remington-keratin-therapy\/","title":{"rendered":"Plancha Alisadora Remington Keratin Therapy"},"content":{"rendered":"","protected":false},"excerpt":{"rendered":"<p>\u00a1Es hora de que tu cabello se vea mejor que nunca!Con la <b>plancha de cabello Keratin Therapy<\/b> de Remington, con infusi\u00f3n de aceite de arg\u00e1n marroqu\u00ed y elementos esenciales que deben estar presentes en el cuidado de tu cabello.<\/p>\n","protected":false},"featured_media":3362,"comment_status":"open","ping_status":"closed","template":"","meta":{"_acf_changed":false},"product_brand":[],"product_cat":[48,46,152],"product_tag":[],"class_list":{"0":"post-3359","1":"product","2":"type-product","3":"status-publish","4":"has-post-thumbnail","6":"characteristics-cabello-maltratado","7":"characteristics-cabello-sin-brillo","8":"characteristics-ceramica","9":"characteristics-keratina-y-argan","10":"characteristics-liso-perfecto","11":"product_cat-cuidado-del-cabello","12":"product_cat-mujer","13":"product_cat-planchas-alisadoras","15":"first","16":"instock","17":"featured","18":"shipping-taxable","19":"product-type-simple"},"acf":[],"_links":{"self":[{"href":"https:\/\/www.remingtonlatam.com\/py\/wp-json\/wp\/v2\/product\/3359","targetHints":{"allow":["GET"]}}],"collection":[{"href":"https:\/\/www.remingtonlatam.com\/py\/wp-json\/wp\/v2\/product"}],"about":[{"href":"https:\/\/www.remingtonlatam.com\/py\/wp-json\/wp\/v2\/types\/product"}],"replies":[{"embeddable":true,"href":"https:\/\/www.remingtonlatam.com\/py\/wp-json\/wp\/v2\/comments?post=3359"}],"wp:featuredmedia":[{"embeddable":true,"href":"https:\/\/www.remingtonlatam.com\/py\/wp-json\/wp\/v2\/media\/3362"}],"wp:attachment":[{"href":"https:\/\/www.remingtonlatam.com\/py\/wp-json\/wp\/v2\/media?parent=3359"}],"wp:term":[{"taxonomy":"product_brand","embeddable":true,"href":"https:\/\/www.remingtonlatam.com\/py\/wp-json\/wp\/v2\/product_brand?post=3359"},{"taxonomy":"product_cat","embeddable":true,"href":"https:\/\/www.remingtonlatam.com\/py\/wp-json\/wp\/v2\/product_cat?post=3359"},{"taxonomy":"product_tag","embeddable":true,"href":"https:\/\/www.remingtonlatam.com\/py\/wp-json\/wp\/v2\/product_tag?post=3359"}],"curies":[{"name":"wp","href":"https:\/\/api.w.org\/{rel}","templated":true}]}}