{"id":3139,"date":"2019-12-12T16:02:17","date_gmt":"2019-12-12T16:02:17","guid":{"rendered":"http:\/\/remingtonla-stage.us-east-1.elasticbeanstalk.com\/py\/producto\/plancha-alisadora-remington-con-ceramica-y-antiestatica\/"},"modified":"2022-03-15T14:55:23","modified_gmt":"2022-03-15T14:55:23","slug":"plancha-alisadora-remington-con-ceramica-y-antiestatica","status":"publish","type":"product","link":"https:\/\/www.remingtonlatam.com\/py\/producto\/mujer\/cuidado-del-cabello\/planchas-alisadoras\/plancha-alisadora-remington-con-ceramica-y-antiestatica\/","title":{"rendered":"Plancha Alisadora Remington con cer\u00e1mica y antiest\u00e1tica"},"content":{"rendered":"","protected":false},"excerpt":{"rendered":"<p>Nuestra <b>plancha de cabello<\/b> con cer\u00e1mica y antiest\u00e1tica te ayudar\u00e1 a mantener un cabello brillante y libre de frizz.<\/p>\n","protected":false},"featured_media":3141,"comment_status":"open","ping_status":"closed","template":"","meta":{"_acf_changed":false},"product_brand":[],"product_cat":[48,46,152],"product_tag":[],"class_list":{"0":"post-3139","1":"product","2":"type-product","3":"status-publish","4":"has-post-thumbnail","6":"characteristics-antiestatica","7":"characteristics-cabello-con-frizz","8":"characteristics-ceramica","9":"characteristics-liso-perfecto","10":"product_cat-cuidado-del-cabello","11":"product_cat-mujer","12":"product_cat-planchas-alisadoras","14":"first","15":"instock","16":"featured","17":"shipping-taxable","18":"product-type-simple"},"acf":[],"_links":{"self":[{"href":"https:\/\/www.remingtonlatam.com\/py\/wp-json\/wp\/v2\/product\/3139","targetHints":{"allow":["GET"]}}],"collection":[{"href":"https:\/\/www.remingtonlatam.com\/py\/wp-json\/wp\/v2\/product"}],"about":[{"href":"https:\/\/www.remingtonlatam.com\/py\/wp-json\/wp\/v2\/types\/product"}],"replies":[{"embeddable":true,"href":"https:\/\/www.remingtonlatam.com\/py\/wp-json\/wp\/v2\/comments?post=3139"}],"wp:featuredmedia":[{"embeddable":true,"href":"https:\/\/www.remingtonlatam.com\/py\/wp-json\/wp\/v2\/media\/3141"}],"wp:attachment":[{"href":"https:\/\/www.remingtonlatam.com\/py\/wp-json\/wp\/v2\/media?parent=3139"}],"wp:term":[{"taxonomy":"product_brand","embeddable":true,"href":"https:\/\/www.remingtonlatam.com\/py\/wp-json\/wp\/v2\/product_brand?post=3139"},{"taxonomy":"product_cat","embeddable":true,"href":"https:\/\/www.remingtonlatam.com\/py\/wp-json\/wp\/v2\/product_cat?post=3139"},{"taxonomy":"product_tag","embeddable":true,"href":"https:\/\/www.remingtonlatam.com\/py\/wp-json\/wp\/v2\/product_tag?post=3139"}],"curies":[{"name":"wp","href":"https:\/\/api.w.org\/{rel}","templated":true}]}}