{"id":6507,"date":"2021-03-16T17:57:00","date_gmt":"2021-03-16T17:57:00","guid":{"rendered":"https:\/\/www.remingtonlatam.com\/pr\/producto\/sincategorizar\/plancha-alisadora-remington-wet2straight-3\/"},"modified":"2024-01-26T13:55:39","modified_gmt":"2024-01-26T13:55:39","slug":"plancha-alisadora-remington-wet2straight-3","status":"publish","type":"product","link":"https:\/\/www.remingtonlatam.com\/pr\/producto\/mujer\/cuidado-del-cabello\/planchas-alisadoras\/plancha-alisadora-remington-wet2straight-3\/","title":{"rendered":"Plancha Alisadora Remington Wet2Straight"},"content":{"rendered":"","protected":false},"excerpt":{"rendered":"<p>No temas al ruido de tu alisadora, es el sonido de una revoluci\u00f3n con estilo. Seca y alisa en un solo paso. Esta plancha alisadora es segura para usar en cabello h\u00famedo debido al exclusivo sistema de ventilaci\u00f3n que elimina el exceso de agua como vapor durante el peinado.<\/p>\n","protected":false},"featured_media":6510,"comment_status":"open","ping_status":"closed","template":"","meta":{"_acf_changed":false},"product_brand":[],"product_cat":[48,46,152],"product_tag":[],"class_list":{"0":"post-6507","1":"product","2":"type-product","3":"status-publish","4":"has-post-thumbnail","6":"collections-w2s","7":"characteristics-cabello-con-frizz","8":"characteristics-cabello-maltratado","9":"product_cat-cuidado-del-cabello","10":"product_cat-mujer","11":"product_cat-planchas-alisadoras","13":"first","14":"instock","15":"shipping-taxable","16":"product-type-simple"},"acf":[],"_links":{"self":[{"href":"https:\/\/www.remingtonlatam.com\/pr\/wp-json\/wp\/v2\/product\/6507","targetHints":{"allow":["GET"]}}],"collection":[{"href":"https:\/\/www.remingtonlatam.com\/pr\/wp-json\/wp\/v2\/product"}],"about":[{"href":"https:\/\/www.remingtonlatam.com\/pr\/wp-json\/wp\/v2\/types\/product"}],"replies":[{"embeddable":true,"href":"https:\/\/www.remingtonlatam.com\/pr\/wp-json\/wp\/v2\/comments?post=6507"}],"wp:featuredmedia":[{"embeddable":true,"href":"https:\/\/www.remingtonlatam.com\/pr\/wp-json\/wp\/v2\/media\/6510"}],"wp:attachment":[{"href":"https:\/\/www.remingtonlatam.com\/pr\/wp-json\/wp\/v2\/media?parent=6507"}],"wp:term":[{"taxonomy":"product_brand","embeddable":true,"href":"https:\/\/www.remingtonlatam.com\/pr\/wp-json\/wp\/v2\/product_brand?post=6507"},{"taxonomy":"product_cat","embeddable":true,"href":"https:\/\/www.remingtonlatam.com\/pr\/wp-json\/wp\/v2\/product_cat?post=6507"},{"taxonomy":"product_tag","embeddable":true,"href":"https:\/\/www.remingtonlatam.com\/pr\/wp-json\/wp\/v2\/product_tag?post=6507"}],"curies":[{"name":"wp","href":"https:\/\/api.w.org\/{rel}","templated":true}]}}