{"id":3369,"date":"2019-12-12T16:06:37","date_gmt":"2019-12-12T16:06:37","guid":{"rendered":"http:\/\/remingtonla-stage.us-east-1.elasticbeanstalk.com\/do\/producto\/plancha-alisadora-remington-advanced-coconut-therapy\/"},"modified":"2020-10-15T18:34:35","modified_gmt":"2020-10-15T18:34:35","slug":"plancha-alisadora-remington-advanced-coconut-therapy","status":"publish","type":"product","link":"https:\/\/www.remingtonlatam.com\/pr\/producto\/mujer\/cuidado-del-cabello\/planchas-alisadoras\/plancha-alisadora-remington-advanced-coconut-therapy\/","title":{"rendered":"Plancha Alisadora Remington Advanced Coconut Therapy"},"content":{"rendered":"","protected":false},"excerpt":{"rendered":"<div>Esta plancha alisadora de protecci\u00f3n avanzada te brinda 2x m\u00e1s protecci\u00f3n contra da\u00f1o y roturas y 8x m\u00e1s duraci\u00f3n de color*.<\/div>\n<div><\/div>\n","protected":false},"featured_media":3373,"comment_status":"open","ping_status":"closed","template":"","meta":{"_acf_changed":false},"product_brand":[],"product_cat":[48,46,152],"product_tag":[],"class_list":{"0":"post-3369","1":"product","2":"type-product","3":"status-publish","4":"has-post-thumbnail","6":"collections-advanced-coconut-therapy","7":"characteristics-cabello-maltratado","8":"characteristics-cabello-sin-brillo","9":"characteristics-cabello-tenido","10":"characteristics-ceramica","11":"characteristics-coco-y-filtro-uv","12":"characteristics-filtro-uv","13":"characteristics-liso-perfecto","14":"product_cat-cuidado-del-cabello","15":"product_cat-mujer","16":"product_cat-planchas-alisadoras","18":"first","19":"instock","20":"featured","21":"shipping-taxable","22":"product-type-simple"},"acf":[],"_links":{"self":[{"href":"https:\/\/www.remingtonlatam.com\/pr\/wp-json\/wp\/v2\/product\/3369","targetHints":{"allow":["GET"]}}],"collection":[{"href":"https:\/\/www.remingtonlatam.com\/pr\/wp-json\/wp\/v2\/product"}],"about":[{"href":"https:\/\/www.remingtonlatam.com\/pr\/wp-json\/wp\/v2\/types\/product"}],"replies":[{"embeddable":true,"href":"https:\/\/www.remingtonlatam.com\/pr\/wp-json\/wp\/v2\/comments?post=3369"}],"wp:featuredmedia":[{"embeddable":true,"href":"https:\/\/www.remingtonlatam.com\/pr\/wp-json\/wp\/v2\/media\/3373"}],"wp:attachment":[{"href":"https:\/\/www.remingtonlatam.com\/pr\/wp-json\/wp\/v2\/media?parent=3369"}],"wp:term":[{"taxonomy":"product_brand","embeddable":true,"href":"https:\/\/www.remingtonlatam.com\/pr\/wp-json\/wp\/v2\/product_brand?post=3369"},{"taxonomy":"product_cat","embeddable":true,"href":"https:\/\/www.remingtonlatam.com\/pr\/wp-json\/wp\/v2\/product_cat?post=3369"},{"taxonomy":"product_tag","embeddable":true,"href":"https:\/\/www.remingtonlatam.com\/pr\/wp-json\/wp\/v2\/product_tag?post=3369"}],"curies":[{"name":"wp","href":"https:\/\/api.w.org\/{rel}","templated":true}]}}