{"id":7495,"date":"2025-10-01T15:42:31","date_gmt":"2025-10-01T15:42:31","guid":{"rendered":"https:\/\/www.remingtonlatam.com\/ni\/?post_type=product&#038;p=7495"},"modified":"2026-03-26T19:42:33","modified_gmt":"2026-03-26T19:42:33","slug":"estilizador-de-aire-2-en-1-remington-airvive-seca-y-alisa","status":"publish","type":"product","link":"https:\/\/www.remingtonlatam.com\/ni\/producto\/mujer\/cuidado-del-cabello\/planchas-alisadoras\/estilizador-de-aire-2-en-1-remington-airvive-seca-y-alisa\/","title":{"rendered":"ESTILIZADOR DE AIRE 2 EN 1 REMINGTON\u00ae AIRvive\u2122 SECA Y ALISA"},"content":{"rendered":"","protected":false},"excerpt":{"rendered":"<p>Descubre el rizador Pro-Ceramic de Remington! Su barril de cer\u00e1mica Ultra y 38 mm, con 5 veces m\u00e1s cer\u00e1mica*, ofrece una temperatura uniforme para rizos grandes y voluminosos. Con 30 niveles de temperatura hasta 200 \u00b0C, logra resultados r\u00e1pidos, duraderos y hermosos.<\/p>\n","protected":false},"featured_media":7485,"comment_status":"open","ping_status":"closed","template":"","meta":{"_acf_changed":false},"product_brand":[],"product_cat":[48,205,46,152],"product_tag":[],"class_list":{"0":"post-7495","1":"product","2":"type-product","3":"status-publish","4":"has-post-thumbnail","6":"collections-airvive","7":"characteristics-aire-ionico","8":"characteristics-cabello-con-frizz","9":"characteristics-estilo-de-peinado","10":"characteristics-liso-perfecto","11":"characteristics-microacondicionares","12":"characteristics-mujer","13":"characteristics-proteccion","14":"characteristics-soluciones-para","15":"characteristics-tecnologia","16":"characteristics-volumen-renovado","17":"product_cat-cuidado-del-cabello","18":"product_cat-estilizadores","19":"product_cat-mujer","20":"product_cat-planchas-alisadoras","22":"first","23":"instock","24":"shipping-taxable","25":"product-type-simple"},"acf":[],"_links":{"self":[{"href":"https:\/\/www.remingtonlatam.com\/ni\/wp-json\/wp\/v2\/product\/7495","targetHints":{"allow":["GET"]}}],"collection":[{"href":"https:\/\/www.remingtonlatam.com\/ni\/wp-json\/wp\/v2\/product"}],"about":[{"href":"https:\/\/www.remingtonlatam.com\/ni\/wp-json\/wp\/v2\/types\/product"}],"replies":[{"embeddable":true,"href":"https:\/\/www.remingtonlatam.com\/ni\/wp-json\/wp\/v2\/comments?post=7495"}],"wp:featuredmedia":[{"embeddable":true,"href":"https:\/\/www.remingtonlatam.com\/ni\/wp-json\/wp\/v2\/media\/7485"}],"wp:attachment":[{"href":"https:\/\/www.remingtonlatam.com\/ni\/wp-json\/wp\/v2\/media?parent=7495"}],"wp:term":[{"taxonomy":"product_brand","embeddable":true,"href":"https:\/\/www.remingtonlatam.com\/ni\/wp-json\/wp\/v2\/product_brand?post=7495"},{"taxonomy":"product_cat","embeddable":true,"href":"https:\/\/www.remingtonlatam.com\/ni\/wp-json\/wp\/v2\/product_cat?post=7495"},{"taxonomy":"product_tag","embeddable":true,"href":"https:\/\/www.remingtonlatam.com\/ni\/wp-json\/wp\/v2\/product_tag?post=7495"}],"curies":[{"name":"wp","href":"https:\/\/api.w.org\/{rel}","templated":true}]}}