{"id":3183,"date":"2019-12-12T16:03:09","date_gmt":"2019-12-12T16:03:09","guid":{"rendered":"http:\/\/remingtonla-stage.us-east-1.elasticbeanstalk.com\/ng\/producto\/estilizador-3-en-1-de-remington\/"},"modified":"2025-11-04T17:42:42","modified_gmt":"2025-11-04T17:42:42","slug":"estilizador-3-en-1-de-remington","status":"publish","type":"product","link":"https:\/\/www.remingtonlatam.com\/ni\/producto\/mujer\/cuidado-del-cabello\/rizadores\/estilizador-3-en-1-de-remington\/","title":{"rendered":"Estilizador 3 en 1 de Remington"},"content":{"rendered":"","protected":false},"excerpt":{"rendered":"<p>El estilizador 3en1 de Remington es la respuesta que buscas para conseguir peinados sencillos que marquen la diferencia. Nuestro exclusivo dise\u00f1o intuitivo te permitir\u00e1 crear ondas y rizos de ensue\u00f1o con el <b>rizador de cabello<\/b>, mientras que la <b>plancha de cabello<\/b> te dar\u00e1 un pelo superliso para cualquier ocasi\u00f3n.<\/p>\n","protected":false},"featured_media":3184,"comment_status":"open","ping_status":"closed","template":"","meta":{"_acf_changed":false},"product_brand":[],"product_cat":[48,205,46,152,52],"product_tag":[],"class_list":{"0":"post-3183","1":"product","2":"type-product","3":"status-publish","4":"has-post-thumbnail","6":"characteristics-ceramica","7":"characteristics-liso-perfecto","8":"characteristics-volumen-renovado","9":"product_cat-cuidado-del-cabello","10":"product_cat-estilizadores","11":"product_cat-mujer","12":"product_cat-planchas-alisadoras","13":"product_cat-rizadores","15":"first","16":"instock","17":"featured","18":"shipping-taxable","19":"product-type-simple"},"acf":[],"_links":{"self":[{"href":"https:\/\/www.remingtonlatam.com\/ni\/wp-json\/wp\/v2\/product\/3183","targetHints":{"allow":["GET"]}}],"collection":[{"href":"https:\/\/www.remingtonlatam.com\/ni\/wp-json\/wp\/v2\/product"}],"about":[{"href":"https:\/\/www.remingtonlatam.com\/ni\/wp-json\/wp\/v2\/types\/product"}],"replies":[{"embeddable":true,"href":"https:\/\/www.remingtonlatam.com\/ni\/wp-json\/wp\/v2\/comments?post=3183"}],"wp:featuredmedia":[{"embeddable":true,"href":"https:\/\/www.remingtonlatam.com\/ni\/wp-json\/wp\/v2\/media\/3184"}],"wp:attachment":[{"href":"https:\/\/www.remingtonlatam.com\/ni\/wp-json\/wp\/v2\/media?parent=3183"}],"wp:term":[{"taxonomy":"product_brand","embeddable":true,"href":"https:\/\/www.remingtonlatam.com\/ni\/wp-json\/wp\/v2\/product_brand?post=3183"},{"taxonomy":"product_cat","embeddable":true,"href":"https:\/\/www.remingtonlatam.com\/ni\/wp-json\/wp\/v2\/product_cat?post=3183"},{"taxonomy":"product_tag","embeddable":true,"href":"https:\/\/www.remingtonlatam.com\/ni\/wp-json\/wp\/v2\/product_tag?post=3183"}],"curies":[{"name":"wp","href":"https:\/\/api.w.org\/{rel}","templated":true}]}}