{"id":3169,"date":"2019-12-12T16:02:53","date_gmt":"2019-12-12T16:02:53","guid":{"rendered":"http:\/\/remingtonla-stage.us-east-1.elasticbeanstalk.com\/ng\/producto\/estilizador-remington-advanced-coconut-3-en-1\/"},"modified":"2025-11-04T17:42:34","modified_gmt":"2025-11-04T17:42:34","slug":"estilizador-remington-advanced-coconut-3-en-1","status":"publish","type":"product","link":"https:\/\/www.remingtonlatam.com\/ni\/producto\/mujer\/cuidado-del-cabello\/rizadores\/estilizador-remington-advanced-coconut-3-en-1\/","title":{"rendered":"Estilizador Remington Advanced Coconut 3 en 1"},"content":{"rendered":"","protected":false},"excerpt":{"rendered":"<p>El estilizador Advanced Coconut 3 en 1 de Remington tendr\u00e1s \u00a1Confianza total! Mitad alisador, mitad rizador, se convertir\u00e1 en tu mejor aliado para conseguir atractivos looks. Si te decides por unas ondas o por unos rizos de impacto, su funci\u00f3n de <b>rizador de cabello<\/b> te lo dar\u00e1; pero si lo que quieres es un peinado liso y elegante podr\u00e1s poner a prueba su desempe\u00f1o como <b>plancha de cabello<\/b>.<\/p>\n","protected":false},"featured_media":7111,"comment_status":"open","ping_status":"closed","template":"","meta":{"_acf_changed":false},"product_brand":[],"product_cat":[48,205,46,152,52],"product_tag":[],"class_list":{"0":"post-3169","1":"product","2":"type-product","3":"status-publish","4":"has-post-thumbnail","6":"collections-advanced-coconut-therapy","7":"characteristics-cabello-maltratado","8":"characteristics-cabello-sin-brillo","9":"characteristics-cabello-tenido","10":"characteristics-ceramica","11":"characteristics-coco-y-filtro-uv","12":"characteristics-liso-perfecto","13":"characteristics-volumen-renovado","14":"product_cat-cuidado-del-cabello","15":"product_cat-estilizadores","16":"product_cat-mujer","17":"product_cat-planchas-alisadoras","18":"product_cat-rizadores","20":"first","21":"instock","22":"featured","23":"shipping-taxable","24":"product-type-simple"},"acf":[],"_links":{"self":[{"href":"https:\/\/www.remingtonlatam.com\/ni\/wp-json\/wp\/v2\/product\/3169","targetHints":{"allow":["GET"]}}],"collection":[{"href":"https:\/\/www.remingtonlatam.com\/ni\/wp-json\/wp\/v2\/product"}],"about":[{"href":"https:\/\/www.remingtonlatam.com\/ni\/wp-json\/wp\/v2\/types\/product"}],"replies":[{"embeddable":true,"href":"https:\/\/www.remingtonlatam.com\/ni\/wp-json\/wp\/v2\/comments?post=3169"}],"wp:featuredmedia":[{"embeddable":true,"href":"https:\/\/www.remingtonlatam.com\/ni\/wp-json\/wp\/v2\/media\/7111"}],"wp:attachment":[{"href":"https:\/\/www.remingtonlatam.com\/ni\/wp-json\/wp\/v2\/media?parent=3169"}],"wp:term":[{"taxonomy":"product_brand","embeddable":true,"href":"https:\/\/www.remingtonlatam.com\/ni\/wp-json\/wp\/v2\/product_brand?post=3169"},{"taxonomy":"product_cat","embeddable":true,"href":"https:\/\/www.remingtonlatam.com\/ni\/wp-json\/wp\/v2\/product_cat?post=3169"},{"taxonomy":"product_tag","embeddable":true,"href":"https:\/\/www.remingtonlatam.com\/ni\/wp-json\/wp\/v2\/product_tag?post=3169"}],"curies":[{"name":"wp","href":"https:\/\/api.w.org\/{rel}","templated":true}]}}