{"id":2701,"date":"2019-12-12T15:53:50","date_gmt":"2019-12-12T15:53:50","guid":{"rendered":"http:\/\/remingtonla-stage.us-east-1.elasticbeanstalk.com\/ng\/producto\/secador-remington-impact-resistant\/"},"modified":"2021-07-22T20:29:06","modified_gmt":"2021-07-22T20:29:06","slug":"secador-remington-impact-resistant","status":"publish","type":"product","link":"https:\/\/www.remingtonlatam.com\/ni\/producto\/mujer\/cuidado-del-cabello\/secadores\/secador-remington-impact-resistant\/","title":{"rendered":"Secador Remington Impact Resistant"},"content":{"rendered":"","protected":false},"excerpt":{"rendered":"<p>El <b>secador Impact Resistant<\/b> de Remington te dar\u00e1 un estilo \u00fanico y lograr\u00e1s un peinado f\u00e1cil. Adem\u00e1s cuenta con un dise\u00f1o resistente a los golpes.<\/p>\n","protected":false},"featured_media":5005,"comment_status":"open","ping_status":"closed","template":"","meta":{"_acf_changed":false},"product_brand":[],"product_cat":[48,46,51],"product_tag":[],"class_list":{"0":"post-2701","1":"product","2":"type-product","3":"status-publish","4":"has-post-thumbnail","6":"characteristics-cabello-con-frizz","7":"characteristics-ceramica","8":"characteristics-iones","9":"characteristics-turmalina","10":"characteristics-volumen-renovado","11":"product_cat-cuidado-del-cabello","12":"product_cat-mujer","13":"product_cat-secadores","15":"first","16":"instock","17":"shipping-taxable","18":"product-type-simple"},"acf":[],"_links":{"self":[{"href":"https:\/\/www.remingtonlatam.com\/ni\/wp-json\/wp\/v2\/product\/2701","targetHints":{"allow":["GET"]}}],"collection":[{"href":"https:\/\/www.remingtonlatam.com\/ni\/wp-json\/wp\/v2\/product"}],"about":[{"href":"https:\/\/www.remingtonlatam.com\/ni\/wp-json\/wp\/v2\/types\/product"}],"replies":[{"embeddable":true,"href":"https:\/\/www.remingtonlatam.com\/ni\/wp-json\/wp\/v2\/comments?post=2701"}],"wp:featuredmedia":[{"embeddable":true,"href":"https:\/\/www.remingtonlatam.com\/ni\/wp-json\/wp\/v2\/media\/5005"}],"wp:attachment":[{"href":"https:\/\/www.remingtonlatam.com\/ni\/wp-json\/wp\/v2\/media?parent=2701"}],"wp:term":[{"taxonomy":"product_brand","embeddable":true,"href":"https:\/\/www.remingtonlatam.com\/ni\/wp-json\/wp\/v2\/product_brand?post=2701"},{"taxonomy":"product_cat","embeddable":true,"href":"https:\/\/www.remingtonlatam.com\/ni\/wp-json\/wp\/v2\/product_cat?post=2701"},{"taxonomy":"product_tag","embeddable":true,"href":"https:\/\/www.remingtonlatam.com\/ni\/wp-json\/wp\/v2\/product_tag?post=2701"}],"curies":[{"name":"wp","href":"https:\/\/api.w.org\/{rel}","templated":true}]}}