{"id":2487,"date":"2019-12-10T06:24:56","date_gmt":"2019-12-10T06:24:56","guid":{"rendered":"http:\/\/remingtonla-stage.us-east-1.elasticbeanstalk.com\/ng\/producto\/rizador-remington-2-en-1\/"},"modified":"2020-05-21T02:58:43","modified_gmt":"2020-05-21T02:58:43","slug":"rizador-remington-2-en-1","status":"publish","type":"product","link":"https:\/\/www.remingtonlatam.com\/ni\/producto\/mujer\/cuidado-del-cabello\/rizadores\/rizador-remington-2-en-1\/","title":{"rendered":"Rizador Remington 2 en 1"},"content":{"rendered":"","protected":false},"excerpt":{"rendered":"<p>El <b>rizador de cabello 2en1<\/b> de Remington incorpora una exclusiva gu\u00eda en espiral que distribuye ingeniosamente el cabello por el surco elegido del barril para que peinarte sea a\u00fan m\u00e1s sencillo. Consegue rizos hermosos y perfectamente formados como si fueras una verdadera profesional.<\/p>\n","protected":false},"featured_media":2489,"comment_status":"open","ping_status":"closed","template":"","meta":{"_acf_changed":false},"product_brand":[],"product_cat":[48,46,52],"product_tag":[],"class_list":{"0":"post-2487","1":"product","2":"type-product","3":"status-publish","4":"has-post-thumbnail","6":"characteristics-ceramica","7":"characteristics-ondas-de-playa","8":"characteristics-rizos-definidos","9":"product_cat-cuidado-del-cabello","10":"product_cat-mujer","11":"product_cat-rizadores","13":"first","14":"instock","15":"shipping-taxable","16":"product-type-simple"},"acf":[],"_links":{"self":[{"href":"https:\/\/www.remingtonlatam.com\/ni\/wp-json\/wp\/v2\/product\/2487","targetHints":{"allow":["GET"]}}],"collection":[{"href":"https:\/\/www.remingtonlatam.com\/ni\/wp-json\/wp\/v2\/product"}],"about":[{"href":"https:\/\/www.remingtonlatam.com\/ni\/wp-json\/wp\/v2\/types\/product"}],"replies":[{"embeddable":true,"href":"https:\/\/www.remingtonlatam.com\/ni\/wp-json\/wp\/v2\/comments?post=2487"}],"wp:featuredmedia":[{"embeddable":true,"href":"https:\/\/www.remingtonlatam.com\/ni\/wp-json\/wp\/v2\/media\/2489"}],"wp:attachment":[{"href":"https:\/\/www.remingtonlatam.com\/ni\/wp-json\/wp\/v2\/media?parent=2487"}],"wp:term":[{"taxonomy":"product_brand","embeddable":true,"href":"https:\/\/www.remingtonlatam.com\/ni\/wp-json\/wp\/v2\/product_brand?post=2487"},{"taxonomy":"product_cat","embeddable":true,"href":"https:\/\/www.remingtonlatam.com\/ni\/wp-json\/wp\/v2\/product_cat?post=2487"},{"taxonomy":"product_tag","embeddable":true,"href":"https:\/\/www.remingtonlatam.com\/ni\/wp-json\/wp\/v2\/product_tag?post=2487"}],"curies":[{"name":"wp","href":"https:\/\/api.w.org\/{rel}","templated":true}]}}