{"id":2424,"date":"2019-12-10T06:23:48","date_gmt":"2019-12-10T06:23:48","guid":{"rendered":"http:\/\/remingtonla-stage.us-east-1.elasticbeanstalk.com\/ng\/producto\/cepillo-estilizador-remington-2-en-1\/"},"modified":"2025-11-04T17:42:25","modified_gmt":"2025-11-04T17:42:25","slug":"cepillo-estilizador-remington-2-en-1","status":"publish","type":"product","link":"https:\/\/www.remingtonlatam.com\/ni\/producto\/mujer\/cuidado-del-cabello\/cepillos\/cepillo-estilizador-remington-2-en-1\/","title":{"rendered":"Cepillo Estilizador Remington 2 en 1"},"content":{"rendered":"","protected":false},"excerpt":{"rendered":"<p>\u00a1Ahorra tiempo en el estilizado! Este <b>cepillo electrico<\/b> te permite aumentar el volumen de tu cabello desde las ra\u00edces. Sus cerdas t\u00e9rmicas de deslizamiento recubiertas de cer\u00e1mica y coco proporcionan un movimiento f\u00e1cil a trav\u00e9s del cabello para protegerlo y evitar tirones.<\/p>\n","protected":false},"featured_media":2428,"comment_status":"open","ping_status":"closed","template":"","meta":{"_acf_changed":false},"product_brand":[],"product_cat":[53,48,205,46],"product_tag":[],"class_list":{"0":"post-2424","1":"product","2":"type-product","3":"status-publish","4":"has-post-thumbnail","6":"collections-advanced-coconut-therapy","7":"characteristics-cabello-maltratado","8":"characteristics-cabello-sin-brillo","9":"characteristics-cabello-tenido","10":"characteristics-ceramica","11":"characteristics-coco-y-filtro-uv","12":"characteristics-liso-perfecto","13":"characteristics-volumen-renovado","14":"product_cat-cepillos","15":"product_cat-cuidado-del-cabello","16":"product_cat-estilizadores","17":"product_cat-mujer","19":"first","20":"instock","21":"shipping-taxable","22":"product-type-simple"},"acf":[],"_links":{"self":[{"href":"https:\/\/www.remingtonlatam.com\/ni\/wp-json\/wp\/v2\/product\/2424","targetHints":{"allow":["GET"]}}],"collection":[{"href":"https:\/\/www.remingtonlatam.com\/ni\/wp-json\/wp\/v2\/product"}],"about":[{"href":"https:\/\/www.remingtonlatam.com\/ni\/wp-json\/wp\/v2\/types\/product"}],"replies":[{"embeddable":true,"href":"https:\/\/www.remingtonlatam.com\/ni\/wp-json\/wp\/v2\/comments?post=2424"}],"wp:featuredmedia":[{"embeddable":true,"href":"https:\/\/www.remingtonlatam.com\/ni\/wp-json\/wp\/v2\/media\/2428"}],"wp:attachment":[{"href":"https:\/\/www.remingtonlatam.com\/ni\/wp-json\/wp\/v2\/media?parent=2424"}],"wp:term":[{"taxonomy":"product_brand","embeddable":true,"href":"https:\/\/www.remingtonlatam.com\/ni\/wp-json\/wp\/v2\/product_brand?post=2424"},{"taxonomy":"product_cat","embeddable":true,"href":"https:\/\/www.remingtonlatam.com\/ni\/wp-json\/wp\/v2\/product_cat?post=2424"},{"taxonomy":"product_tag","embeddable":true,"href":"https:\/\/www.remingtonlatam.com\/ni\/wp-json\/wp\/v2\/product_tag?post=2424"}],"curies":[{"name":"wp","href":"https:\/\/api.w.org\/{rel}","templated":true}]}}