{"id":2422,"date":"2019-12-10T06:23:45","date_gmt":"2019-12-10T06:23:45","guid":{"rendered":"http:\/\/remingtonla-stage.us-east-1.elasticbeanstalk.com\/ng\/producto\/cepillo-alisador-remington\/"},"modified":"2021-07-22T20:25:39","modified_gmt":"2021-07-22T20:25:39","slug":"cepillo-alisador-remington","status":"publish","type":"product","link":"https:\/\/www.remingtonlatam.com\/ni\/producto\/mujer\/cuidado-del-cabello\/cepillos\/cepillo-alisador-remington\/","title":{"rendered":"Cepillo Alisador Remington"},"content":{"rendered":"","protected":false},"excerpt":{"rendered":"<p>\u00a1Alisa y cepilla en un solo paso! Remington ha dise\u00f1ado este <b>cepillo alisador<\/b> para mantener el <b>volumen natural<\/b> de tu cabello y suavizarlo hasta la perfecci\u00f3n; as\u00ed conseguir\u00e1s un <b>peinado liso<\/b>, natural y con volumen.<\/p>\n","protected":false},"featured_media":3561,"comment_status":"open","ping_status":"closed","template":"","meta":{"_acf_changed":false},"product_brand":[],"product_cat":[53,48,46],"product_tag":[],"class_list":{"0":"post-2422","1":"product","2":"type-product","3":"status-publish","4":"has-post-thumbnail","6":"characteristics-cabello-con-frizz","7":"characteristics-cabello-sin-brillo","8":"characteristics-cabello-sin-volumen","9":"characteristics-ceramica","10":"characteristics-ceramica-ultra","11":"characteristics-liso-perfecto","12":"characteristics-volumen-renovado","13":"product_cat-cepillos","14":"product_cat-cuidado-del-cabello","15":"product_cat-mujer","17":"first","18":"instock","19":"shipping-taxable","20":"product-type-simple"},"acf":[],"_links":{"self":[{"href":"https:\/\/www.remingtonlatam.com\/ni\/wp-json\/wp\/v2\/product\/2422","targetHints":{"allow":["GET"]}}],"collection":[{"href":"https:\/\/www.remingtonlatam.com\/ni\/wp-json\/wp\/v2\/product"}],"about":[{"href":"https:\/\/www.remingtonlatam.com\/ni\/wp-json\/wp\/v2\/types\/product"}],"replies":[{"embeddable":true,"href":"https:\/\/www.remingtonlatam.com\/ni\/wp-json\/wp\/v2\/comments?post=2422"}],"wp:featuredmedia":[{"embeddable":true,"href":"https:\/\/www.remingtonlatam.com\/ni\/wp-json\/wp\/v2\/media\/3561"}],"wp:attachment":[{"href":"https:\/\/www.remingtonlatam.com\/ni\/wp-json\/wp\/v2\/media?parent=2422"}],"wp:term":[{"taxonomy":"product_brand","embeddable":true,"href":"https:\/\/www.remingtonlatam.com\/ni\/wp-json\/wp\/v2\/product_brand?post=2422"},{"taxonomy":"product_cat","embeddable":true,"href":"https:\/\/www.remingtonlatam.com\/ni\/wp-json\/wp\/v2\/product_cat?post=2422"},{"taxonomy":"product_tag","embeddable":true,"href":"https:\/\/www.remingtonlatam.com\/ni\/wp-json\/wp\/v2\/product_tag?post=2422"}],"curies":[{"name":"wp","href":"https:\/\/api.w.org\/{rel}","templated":true}]}}